{"id":32848,"date":"2018-03-17T15:02:50","date_gmt":"2018-03-17T15:02:50","guid":{"rendered":"https:\/\/www.siervissen-onlineshop.be\/shop\/non%20class\u00e9\/koi-papillon\/"},"modified":"2024-03-10T08:55:41","modified_gmt":"2024-03-10T08:55:41","slug":"koi-papillon","status":"publish","type":"product","link":"https:\/\/www.siervissen-onlineshop.be\/fr\/shop\/koi-papillon\/","title":{"rendered":"12-15cm koi papillon sanke &#038; kohaku lot de 2 poissons"},"content":{"rendered":"<h4>Koi papillon (nom latin : Cyprinus carpio)<\/h4>\n<p>Les nageoirs de koi papillons sont exceptionellement longues, c&rsquo;est pourquoi ils nagent tr\u00e8s gracieusement. Koi est aussi appel\u00e9 le joyau vivant de l\u2019\u00e9tang, les animaux sont un d\u00e9lice pour les yeux. De nombreuses vari\u00e9t\u00e9s et couleurs sont possibles, les animaux sont originaires du Japon. Uniquement les animaux avec la meilleure couleur et le meilleur corps sont propos\u00e9s en ligne.<\/p>\n<h4>Commander en ligne<\/h4>\n<p>Cela pr\u00e9sente de nombreux avantages, il est possible de faire ses achats \u00e0 domicile et de comparer les prix. Le transport du poisson est aussi bref que possible et nous livrons le plus vite possible avec nos propres camionnettes. Un soin tout particulier est \u00e9galement apport\u00e9 \u00e0 l\u2019emballage des animaux. Pour commencer, les poissons sont plac\u00e9s dans un sac en plastique avec l\u2019eau et l\u2019oxyg\u00e8ne n\u00e9cessaire. Les poissons sont ensuite plac\u00e9s dans une bo\u00eete isotherme et livr\u00e9s de cette mani\u00e8re.<\/p>\n<h4>Que faire \u00e0 l\u2019arriv\u00e9e<\/h4>\n<p>Une fois que le koi command\u00e9 est livr\u00e9 \u00e0 votre domicile, vous pouvez ouvrir la bo\u00eete. Il est conseill\u00e9 de laisser les animaux flotter pendant une demi-heure \u00e0 la surface de l\u2019\u00e9tang. Apr\u00e8s cela, vous pouvez mettre les poissons dans un bassin et verser une partie de l\u2019eau de l\u2019\u00e9tang dans le bassin. Cela permet aux poissons de s\u2019habituer aux nouvelles valeurs de l\u2019eau de leur nouvelle r\u00e9sidence. Une autre option consiste \u00e0 percer un trou en haut et en bas du sac pendant qu\u2019il flotte. Puis l\u2019eau p\u00e9n\u00e8tre lentement dans le sac et l\u2019oxyg\u00e8ne s\u2019\u00e9chappe par le haut. Apr\u00e8s une demi-heure, vous pouvez ouvrir l\u2019emballage avec une paire de ciseaux.<\/p>\n<h4>Quel jour se fera la livraison<\/h4>\n<p>Vous pouvez d\u00e9cider vous-m\u00eame quel jour vous voulez que le poisson soit livr\u00e9. Les livraisons sont possibles le mardi, le mercredi, le jeudi et le vendredi. En fonction de votre emplacement, il est \u00e9galement possible que nous apportions le poisson le week-end ou le lundi. Si vous avez des questions, vous pouvez toujours nous joindre par t\u00e9l\u00e9phone, nous r\u00e9pondrons rapidement aux messages par courrier ou par messagerie.<\/p>\n<h4>Les valeurs\u00a0 d\u2019eau id\u00e9ales sont :<\/h4>\n<p>Un PH entre 7 &amp; 8.5 degr\u00e9s, un GH entre 6 &amp; 10 degr\u00e9s, nitrite de 0 mg\/L, les animaux supportent une temperature jusqu\u2019a 5\u00b0c en hiver, en \u00e9t\u00e9 jusqu\u2019a 30\u00b0c.<\/p>\n<h4>Coolpack<\/h4>\n<p>Pendant des jours chaud on rajoute un sac avec du gel congel\u00e9 dans la boite avec les poissons. Ceci nous permet de livrer les poissons aussi pendant des periodes plus chaud.<\/p>\n","protected":false},"excerpt":{"rendered":"<p>Koi papillon (nom latin : Cyprinus carpio) Les nageoirs de koi papillons sont exceptionellement longues, c&rsquo;est pourquoi ils nagent tr\u00e8s gracieusement. Koi est aussi appel\u00e9 le joyau vivant de l\u2019\u00e9tang, les animaux sont un d\u00e9lice pour les yeux. De nombreuses vari\u00e9t\u00e9s et couleurs sont possibles, les animaux sont originaires du Japon. Uniquement les animaux avec [&hellip;]<\/p>\n","protected":false},"featured_media":35332,"comment_status":"closed","ping_status":"closed","template":"","meta":{"ocean_post_layout":"","ocean_both_sidebars_style":"","ocean_both_sidebars_content_width":0,"ocean_both_sidebars_sidebars_width":0,"ocean_sidebar":"0","ocean_second_sidebar":"0","ocean_disable_margins":"enable","ocean_add_body_class":"","ocean_shortcode_before_top_bar":"","ocean_shortcode_after_top_bar":"","ocean_shortcode_before_header":"","ocean_shortcode_after_header":"","ocean_has_shortcode":"","ocean_shortcode_after_title":"","ocean_shortcode_before_footer_widgets":"","ocean_shortcode_after_footer_widgets":"","ocean_shortcode_before_footer_bottom":"","ocean_shortcode_after_footer_bottom":"","ocean_display_top_bar":"default","ocean_display_header":"default","ocean_header_style":"","ocean_center_header_left_menu":"0","ocean_custom_header_template":"0","ocean_custom_logo":0,"ocean_custom_retina_logo":0,"ocean_custom_logo_max_width":0,"ocean_custom_logo_tablet_max_width":0,"ocean_custom_logo_mobile_max_width":0,"ocean_custom_logo_max_height":0,"ocean_custom_logo_tablet_max_height":0,"ocean_custom_logo_mobile_max_height":0,"ocean_header_custom_menu":"0","ocean_menu_typo_font_family":"0","ocean_menu_typo_font_subset":"","ocean_menu_typo_font_size":0,"ocean_menu_typo_font_size_tablet":0,"ocean_menu_typo_font_size_mobile":0,"ocean_menu_typo_font_size_unit":"px","ocean_menu_typo_font_weight":"","ocean_menu_typo_font_weight_tablet":"","ocean_menu_typo_font_weight_mobile":"","ocean_menu_typo_transform":"","ocean_menu_typo_transform_tablet":"","ocean_menu_typo_transform_mobile":"","ocean_menu_typo_line_height":0,"ocean_menu_typo_line_height_tablet":0,"ocean_menu_typo_line_height_mobile":0,"ocean_menu_typo_line_height_unit":"","ocean_menu_typo_spacing":0,"ocean_menu_typo_spacing_tablet":0,"ocean_menu_typo_spacing_mobile":0,"ocean_menu_typo_spacing_unit":"","ocean_menu_link_color":"","ocean_menu_link_color_hover":"","ocean_menu_link_color_active":"","ocean_menu_link_background":"","ocean_menu_link_hover_background":"","ocean_menu_link_active_background":"","ocean_menu_social_links_bg":"","ocean_menu_social_hover_links_bg":"","ocean_menu_social_links_color":"","ocean_menu_social_hover_links_color":"","ocean_disable_title":"default","ocean_disable_heading":"default","ocean_post_title":"","ocean_post_subheading":"","ocean_post_title_style":"","ocean_post_title_background_color":"","ocean_post_title_background":0,"ocean_post_title_bg_image_position":"","ocean_post_title_bg_image_attachment":"","ocean_post_title_bg_image_repeat":"","ocean_post_title_bg_image_size":"","ocean_post_title_height":0,"ocean_post_title_bg_overlay":0.5,"ocean_post_title_bg_overlay_color":"","ocean_disable_breadcrumbs":"default","ocean_breadcrumbs_color":"","ocean_breadcrumbs_separator_color":"","ocean_breadcrumbs_links_color":"","ocean_breadcrumbs_links_hover_color":"","ocean_display_footer_widgets":"default","ocean_display_footer_bottom":"default","ocean_custom_footer_template":"0"},"product_brand":[],"product_cat":[942,946],"product_tag":[],"class_list":{"0":"post-32848","1":"product","2":"type-product","3":"status-publish","4":"has-post-thumbnail","6":"product_cat-koi-fr","7":"product_cat-koi-7-15-cm-koi-fr","9":"entry","10":"has-media","12":"first","13":"instock","14":"shipping-taxable","15":"purchasable","16":"product-type-simple","17":"col","18":"span_1_of_3","19":"owp-content-center","20":"owp-thumbs-layout-horizontal","21":"owp-btn-normal","22":"owp-tabs-layout-horizontal","23":"has-no-thumbnails"},"yoast_head":"<!-- This site is optimized with the Yoast SEO plugin v27.2 - https:\/\/yoast.com\/product\/yoast-seo-wordpress\/ -->\n<title>Koi papillon acheter chez www.koi.be vente en ligne.<\/title>\n<meta name=\"description\" content=\"Koi papillon acheter en ligne est facile, les poissons sont livr\u00e9 sdans les 24h \u00e0 votre domicile.\" \/>\n<meta name=\"robots\" content=\"index, follow, max-snippet:-1, max-image-preview:large, max-video-preview:-1\" \/>\n<link rel=\"canonical\" href=\"https:\/\/www.siervissen-onlineshop.be\/fr\/shop\/koi-papillon\/\" \/>\n<meta property=\"og:locale\" content=\"fr_FR\" \/>\n<meta property=\"og:type\" content=\"article\" \/>\n<meta property=\"og:title\" content=\"Koi papillon acheter chez www.koi.be vente en ligne.\" \/>\n<meta property=\"og:description\" content=\"Koi papillon acheter en ligne est facile, les poissons sont livr\u00e9 sdans les 24h \u00e0 votre domicile.\" \/>\n<meta property=\"og:url\" content=\"https:\/\/www.siervissen-onlineshop.be\/fr\/shop\/koi-papillon\/\" \/>\n<meta property=\"og:site_name\" content=\"Siervissen Online Shop\" \/>\n<meta property=\"article:publisher\" content=\"https:\/\/www.facebook.com\/siervissenonlineshop.be\" \/>\n<meta property=\"article:modified_time\" content=\"2024-03-10T08:55:41+00:00\" \/>\n<meta property=\"og:image\" content=\"https:\/\/www.siervissen-onlineshop.be\/wp-content\/uploads\/2018\/03\/Vlinderkoi-12-15cm-maart-2019-small.jpg\" \/>\n\t<meta property=\"og:image:width\" content=\"800\" \/>\n\t<meta property=\"og:image:height\" content=\"533\" \/>\n\t<meta property=\"og:image:type\" content=\"image\/jpeg\" \/>\n<meta name=\"twitter:card\" content=\"summary_large_image\" \/>\n<meta name=\"twitter:label1\" content=\"Dur\u00e9e de lecture estim\u00e9e\" \/>\n\t<meta name=\"twitter:data1\" content=\"2 minutes\" \/>\n<script type=\"application\/ld+json\" class=\"yoast-schema-graph\">{\"@context\":\"https:\/\/schema.org\",\"@graph\":[{\"@type\":\"WebPage\",\"@id\":\"https:\/\/www.siervissen-onlineshop.be\/fr\/shop\/koi-papillon\/\",\"url\":\"https:\/\/www.siervissen-onlineshop.be\/fr\/shop\/koi-papillon\/\",\"name\":\"Koi papillon acheter chez www.koi.be vente en ligne.\",\"isPartOf\":{\"@id\":\"https:\/\/www.siervissen-onlineshop.be\/#website\"},\"primaryImageOfPage\":{\"@id\":\"https:\/\/www.siervissen-onlineshop.be\/fr\/shop\/koi-papillon\/#primaryimage\"},\"image\":{\"@id\":\"https:\/\/www.siervissen-onlineshop.be\/fr\/shop\/koi-papillon\/#primaryimage\"},\"thumbnailUrl\":\"https:\/\/www.siervissen-onlineshop.be\/wp-content\/uploads\/2018\/03\/Vlinderkoi-12-15cm-maart-2019-small.jpg\",\"datePublished\":\"2018-03-17T15:02:50+00:00\",\"dateModified\":\"2024-03-10T08:55:41+00:00\",\"description\":\"Koi papillon acheter en ligne est facile, les poissons sont livr\u00e9 sdans les 24h \u00e0 votre domicile.\",\"breadcrumb\":{\"@id\":\"https:\/\/www.siervissen-onlineshop.be\/fr\/shop\/koi-papillon\/#breadcrumb\"},\"inLanguage\":\"fr-FR\",\"potentialAction\":[{\"@type\":\"ReadAction\",\"target\":[\"https:\/\/www.siervissen-onlineshop.be\/fr\/shop\/koi-papillon\/\"]}]},{\"@type\":\"ImageObject\",\"inLanguage\":\"fr-FR\",\"@id\":\"https:\/\/www.siervissen-onlineshop.be\/fr\/shop\/koi-papillon\/#primaryimage\",\"url\":\"https:\/\/www.siervissen-onlineshop.be\/wp-content\/uploads\/2018\/03\/Vlinderkoi-12-15cm-maart-2019-small.jpg\",\"contentUrl\":\"https:\/\/www.siervissen-onlineshop.be\/wp-content\/uploads\/2018\/03\/Vlinderkoi-12-15cm-maart-2019-small.jpg\",\"width\":800,\"height\":533,\"caption\":\"Koi papillon commander en ligne\"},{\"@type\":\"BreadcrumbList\",\"@id\":\"https:\/\/www.siervissen-onlineshop.be\/fr\/shop\/koi-papillon\/#breadcrumb\",\"itemListElement\":[{\"@type\":\"ListItem\",\"position\":1,\"name\":\"Home\",\"item\":\"https:\/\/www.siervissen-onlineshop.be\/fr\/\"},{\"@type\":\"ListItem\",\"position\":2,\"name\":\"shop\",\"item\":\"https:\/\/www.siervissen-onlineshop.be\/fr\/boutique\/\"},{\"@type\":\"ListItem\",\"position\":3,\"name\":\"12-15cm koi papillon sanke &#038; kohaku lot de 2 poissons\"}]},{\"@type\":\"WebSite\",\"@id\":\"https:\/\/www.siervissen-onlineshop.be\/#website\",\"url\":\"https:\/\/www.siervissen-onlineshop.be\/\",\"name\":\"Siervissen Online Shop\",\"description\":\"Siervissen, aquariumvissen, japanse koi's, tropische vissen, koudwatervissen\",\"publisher\":{\"@id\":\"https:\/\/www.siervissen-onlineshop.be\/#organization\"},\"potentialAction\":[{\"@type\":\"SearchAction\",\"target\":{\"@type\":\"EntryPoint\",\"urlTemplate\":\"https:\/\/www.siervissen-onlineshop.be\/?s={search_term_string}\"},\"query-input\":{\"@type\":\"PropertyValueSpecification\",\"valueRequired\":true,\"valueName\":\"search_term_string\"}}],\"inLanguage\":\"fr-FR\"},{\"@type\":\"Organization\",\"@id\":\"https:\/\/www.siervissen-onlineshop.be\/#organization\",\"name\":\"Siervissen Online Shop\",\"url\":\"https:\/\/www.siervissen-onlineshop.be\/\",\"logo\":{\"@type\":\"ImageObject\",\"inLanguage\":\"fr-FR\",\"@id\":\"https:\/\/www.siervissen-onlineshop.be\/#\/schema\/logo\/image\/\",\"url\":\"https:\/\/www.siervissen-onlineshop.be\/wp-content\/uploads\/2019\/03\/siervissen-onlineshop-frans.png\",\"contentUrl\":\"https:\/\/www.siervissen-onlineshop.be\/wp-content\/uploads\/2019\/03\/siervissen-onlineshop-frans.png\",\"width\":592,\"height\":470,\"caption\":\"Siervissen Online Shop\"},\"image\":{\"@id\":\"https:\/\/www.siervissen-onlineshop.be\/#\/schema\/logo\/image\/\"},\"sameAs\":[\"https:\/\/www.facebook.com\/siervissenonlineshop.be\"]}]}<\/script>\n<!-- \/ Yoast SEO plugin. -->","yoast_head_json":{"title":"Koi papillon acheter chez www.koi.be vente en ligne.","description":"Koi papillon acheter en ligne est facile, les poissons sont livr\u00e9 sdans les 24h \u00e0 votre domicile.","robots":{"index":"index","follow":"follow","max-snippet":"max-snippet:-1","max-image-preview":"max-image-preview:large","max-video-preview":"max-video-preview:-1"},"canonical":"https:\/\/www.siervissen-onlineshop.be\/fr\/shop\/koi-papillon\/","og_locale":"fr_FR","og_type":"article","og_title":"Koi papillon acheter chez www.koi.be vente en ligne.","og_description":"Koi papillon acheter en ligne est facile, les poissons sont livr\u00e9 sdans les 24h \u00e0 votre domicile.","og_url":"https:\/\/www.siervissen-onlineshop.be\/fr\/shop\/koi-papillon\/","og_site_name":"Siervissen Online Shop","article_publisher":"https:\/\/www.facebook.com\/siervissenonlineshop.be","article_modified_time":"2024-03-10T08:55:41+00:00","og_image":[{"width":800,"height":533,"url":"https:\/\/www.siervissen-onlineshop.be\/wp-content\/uploads\/2018\/03\/Vlinderkoi-12-15cm-maart-2019-small.jpg","type":"image\/jpeg"}],"twitter_card":"summary_large_image","twitter_misc":{"Dur\u00e9e de lecture estim\u00e9e":"2 minutes"},"schema":{"@context":"https:\/\/schema.org","@graph":[{"@type":"WebPage","@id":"https:\/\/www.siervissen-onlineshop.be\/fr\/shop\/koi-papillon\/","url":"https:\/\/www.siervissen-onlineshop.be\/fr\/shop\/koi-papillon\/","name":"Koi papillon acheter chez www.koi.be vente en ligne.","isPartOf":{"@id":"https:\/\/www.siervissen-onlineshop.be\/#website"},"primaryImageOfPage":{"@id":"https:\/\/www.siervissen-onlineshop.be\/fr\/shop\/koi-papillon\/#primaryimage"},"image":{"@id":"https:\/\/www.siervissen-onlineshop.be\/fr\/shop\/koi-papillon\/#primaryimage"},"thumbnailUrl":"https:\/\/www.siervissen-onlineshop.be\/wp-content\/uploads\/2018\/03\/Vlinderkoi-12-15cm-maart-2019-small.jpg","datePublished":"2018-03-17T15:02:50+00:00","dateModified":"2024-03-10T08:55:41+00:00","description":"Koi papillon acheter en ligne est facile, les poissons sont livr\u00e9 sdans les 24h \u00e0 votre domicile.","breadcrumb":{"@id":"https:\/\/www.siervissen-onlineshop.be\/fr\/shop\/koi-papillon\/#breadcrumb"},"inLanguage":"fr-FR","potentialAction":[{"@type":"ReadAction","target":["https:\/\/www.siervissen-onlineshop.be\/fr\/shop\/koi-papillon\/"]}]},{"@type":"ImageObject","inLanguage":"fr-FR","@id":"https:\/\/www.siervissen-onlineshop.be\/fr\/shop\/koi-papillon\/#primaryimage","url":"https:\/\/www.siervissen-onlineshop.be\/wp-content\/uploads\/2018\/03\/Vlinderkoi-12-15cm-maart-2019-small.jpg","contentUrl":"https:\/\/www.siervissen-onlineshop.be\/wp-content\/uploads\/2018\/03\/Vlinderkoi-12-15cm-maart-2019-small.jpg","width":800,"height":533,"caption":"Koi papillon commander en ligne"},{"@type":"BreadcrumbList","@id":"https:\/\/www.siervissen-onlineshop.be\/fr\/shop\/koi-papillon\/#breadcrumb","itemListElement":[{"@type":"ListItem","position":1,"name":"Home","item":"https:\/\/www.siervissen-onlineshop.be\/fr\/"},{"@type":"ListItem","position":2,"name":"shop","item":"https:\/\/www.siervissen-onlineshop.be\/fr\/boutique\/"},{"@type":"ListItem","position":3,"name":"12-15cm koi papillon sanke &#038; kohaku lot de 2 poissons"}]},{"@type":"WebSite","@id":"https:\/\/www.siervissen-onlineshop.be\/#website","url":"https:\/\/www.siervissen-onlineshop.be\/","name":"Siervissen Online Shop","description":"Siervissen, aquariumvissen, japanse koi's, tropische vissen, koudwatervissen","publisher":{"@id":"https:\/\/www.siervissen-onlineshop.be\/#organization"},"potentialAction":[{"@type":"SearchAction","target":{"@type":"EntryPoint","urlTemplate":"https:\/\/www.siervissen-onlineshop.be\/?s={search_term_string}"},"query-input":{"@type":"PropertyValueSpecification","valueRequired":true,"valueName":"search_term_string"}}],"inLanguage":"fr-FR"},{"@type":"Organization","@id":"https:\/\/www.siervissen-onlineshop.be\/#organization","name":"Siervissen Online Shop","url":"https:\/\/www.siervissen-onlineshop.be\/","logo":{"@type":"ImageObject","inLanguage":"fr-FR","@id":"https:\/\/www.siervissen-onlineshop.be\/#\/schema\/logo\/image\/","url":"https:\/\/www.siervissen-onlineshop.be\/wp-content\/uploads\/2019\/03\/siervissen-onlineshop-frans.png","contentUrl":"https:\/\/www.siervissen-onlineshop.be\/wp-content\/uploads\/2019\/03\/siervissen-onlineshop-frans.png","width":592,"height":470,"caption":"Siervissen Online Shop"},"image":{"@id":"https:\/\/www.siervissen-onlineshop.be\/#\/schema\/logo\/image\/"},"sameAs":["https:\/\/www.facebook.com\/siervissenonlineshop.be"]}]}},"_links":{"self":[{"href":"https:\/\/www.siervissen-onlineshop.be\/fr\/wp-json\/wp\/v2\/product\/32848","targetHints":{"allow":["GET"]}}],"collection":[{"href":"https:\/\/www.siervissen-onlineshop.be\/fr\/wp-json\/wp\/v2\/product"}],"about":[{"href":"https:\/\/www.siervissen-onlineshop.be\/fr\/wp-json\/wp\/v2\/types\/product"}],"replies":[{"embeddable":true,"href":"https:\/\/www.siervissen-onlineshop.be\/fr\/wp-json\/wp\/v2\/comments?post=32848"}],"version-history":[{"count":3,"href":"https:\/\/www.siervissen-onlineshop.be\/fr\/wp-json\/wp\/v2\/product\/32848\/revisions"}],"predecessor-version":[{"id":58740,"href":"https:\/\/www.siervissen-onlineshop.be\/fr\/wp-json\/wp\/v2\/product\/32848\/revisions\/58740"}],"wp:featuredmedia":[{"embeddable":true,"href":"https:\/\/www.siervissen-onlineshop.be\/fr\/wp-json\/wp\/v2\/media\/35332"}],"wp:attachment":[{"href":"https:\/\/www.siervissen-onlineshop.be\/fr\/wp-json\/wp\/v2\/media?parent=32848"}],"wp:term":[{"taxonomy":"product_brand","embeddable":true,"href":"https:\/\/www.siervissen-onlineshop.be\/fr\/wp-json\/wp\/v2\/product_brand?post=32848"},{"taxonomy":"product_cat","embeddable":true,"href":"https:\/\/www.siervissen-onlineshop.be\/fr\/wp-json\/wp\/v2\/product_cat?post=32848"},{"taxonomy":"product_tag","embeddable":true,"href":"https:\/\/www.siervissen-onlineshop.be\/fr\/wp-json\/wp\/v2\/product_tag?post=32848"}],"curies":[{"name":"wp","href":"https:\/\/api.w.org\/{rel}","templated":true}]}}