{"id":35874,"date":"2019-04-26T14:16:32","date_gmt":"2019-04-26T15:02:27","guid":{"rendered":"https:\/\/www.siervissen-onlineshop.be\/shop\/non%20class\u00e9\/poisson-rouge-embale-par-1-piece-1-sachet-avec-1-3-de-leau-2-3-de-loxygene-pur\/"},"modified":"2019-04-26T15:02:31","modified_gmt":"2019-04-26T15:02:31","slug":"poisson-rouge-embale-par-1-piece-1-sachet-avec-1-3-de-leau-2-3-de-loxygene-pur","status":"publish","type":"product","link":"https:\/\/www.siervissen-onlineshop.be\/fr\/shop\/poisson-rouge-embale-par-1-piece-1-sachet-avec-1-3-de-leau-2-3-de-loxygene-pur\/","title":{"rendered":"Poisson rouge embal\u00e9 par 1 pi\u00e8ce, 1 sachet avec 1\/3 de l&rsquo;eau &amp; 2\/3 de l&rsquo;oxygene pur."},"content":{"rendered":"<h4>Poisson rouge emball\u00e9 par pi\u00e8ce (nom latin : Carassius Auratus)<\/h4>\n<p>Ce poisson rouge est livr\u00e9 et emball\u00e9 par pi\u00e8ce dans des sact avec 1\/3 de l&rsquo;eau &amp; 2\/3 de l&rsquo;oxygene pur. Grace \u00e0 l&rsquo;utilisage de l&rsquo;oxygene pur les poissons peuvent rester maximum jusqu&rsquo;a 96h dans le sac. Il est important que le sac d&#8217;emballe avec le poisson est conserv\u00e9 \u00e0 une temp\u00e9rature ambiante.<\/p>\n<h4>REPRODUCTION<\/h4>\n<p>Le poisson rouge se multiple facilement dans un bassin si il y quelques plantes. Ils pondent leuts oeufs en avril ou mai, quelques jours apr\u00e8s vous avez d\u00e9ja des alevins qui se transforment apr\u00e8s une semaine en poisson. D&rsquo;abord les larves sont immobiles, mais au bout d&rsquo;une semaine ils commencent \u00e0 nager. Apr\u00e8s quelques semaines les jeunes poissons poussent tr\u00e8s vite jusqu&rsquo;\u00e0 1 cm, mais ils restent fonc\u00e9s. Apr\u00e8s environ un an les jeunes poissons rouges deviennent vraiment rouge. Pour obtenir une croissance optimale il est pr\u00e9f\u00e9rable de les nourrir plusieures fois par jour. Il est important de contr\u00f4ler qu&rsquo;il ne reste pas de nourriture au fond de l&rsquo;\u00e9tang apr\u00e8s les avoir nourris. La nourriture pr\u00e9sent\u00e9e doit \u00eatre mang\u00e9e au bout de 2 minutes, enlevez tout ce qui reste.<\/p>\n<h4>GARDER ENSEMBLE AVEC D&rsquo;AUTRES POISSONS<\/h4>\n<p>Ces poissons peuvent tr\u00e8s facilement \u00eatre gard\u00e9s ensemble avec d&rsquo;autres poissons dans votre bassin. Il est tr\u00e8s bien possible de tenir les poissons rouge avec des autres poissons de bassin comme ide, esturgeon &amp; m\u00eame koi.<\/p>\n<h4>POISSON ROUGE COMMANDER EN LIGNE<\/h4>\n<p>Commander un poisson rouge en ligne est facile, les animaux sont livr\u00e9s chez vous \u00e0 domicile. Ces poissons ornamentaux sont faciles \u00e0 transporter et sont emball\u00e9s dans un sac en plastique avec de l&rsquo;eau et de l&rsquo;oxyg\u00e8ne. Ensuite nous mettons le sac dans une caisse qui selon qui selon les conditions m\u00e9t\u00e9orologiques est adapt\u00e9e avec l&rsquo;isolation n\u00e9cessaire. Quand possible nous livrons avec notre propre transport. Sinon le transport se fait avec firme de transport qui vous livre les poissons rapidement \u00e0 votre domicile.<\/p>\n","protected":false},"excerpt":{"rendered":"<p>Poisson rouge emball\u00e9 par pi\u00e8ce (nom latin : Carassius Auratus) Ce poisson rouge est livr\u00e9 et emball\u00e9 par pi\u00e8ce dans des sact avec 1\/3 de l&rsquo;eau &amp; 2\/3 de l&rsquo;oxygene pur. Grace \u00e0 l&rsquo;utilisage de l&rsquo;oxygene pur les poissons peuvent rester maximum jusqu&rsquo;a 96h dans le sac. Il est important que le sac d&#8217;emballe avec [&hellip;]<\/p>\n","protected":false},"featured_media":35868,"comment_status":"closed","ping_status":"closed","template":"","meta":{"ocean_post_layout":"","ocean_both_sidebars_style":"","ocean_both_sidebars_content_width":0,"ocean_both_sidebars_sidebars_width":0,"ocean_sidebar":"0","ocean_second_sidebar":"0","ocean_disable_margins":"enable","ocean_add_body_class":"","ocean_shortcode_before_top_bar":"","ocean_shortcode_after_top_bar":"","ocean_shortcode_before_header":"","ocean_shortcode_after_header":"","ocean_has_shortcode":"","ocean_shortcode_after_title":"","ocean_shortcode_before_footer_widgets":"","ocean_shortcode_after_footer_widgets":"","ocean_shortcode_before_footer_bottom":"","ocean_shortcode_after_footer_bottom":"","ocean_display_top_bar":"default","ocean_display_header":"default","ocean_header_style":"","ocean_center_header_left_menu":"0","ocean_custom_header_template":"0","ocean_custom_logo":0,"ocean_custom_retina_logo":0,"ocean_custom_logo_max_width":0,"ocean_custom_logo_tablet_max_width":0,"ocean_custom_logo_mobile_max_width":0,"ocean_custom_logo_max_height":0,"ocean_custom_logo_tablet_max_height":0,"ocean_custom_logo_mobile_max_height":0,"ocean_header_custom_menu":"0","ocean_menu_typo_font_family":"0","ocean_menu_typo_font_subset":"","ocean_menu_typo_font_size":0,"ocean_menu_typo_font_size_tablet":0,"ocean_menu_typo_font_size_mobile":0,"ocean_menu_typo_font_size_unit":"px","ocean_menu_typo_font_weight":"","ocean_menu_typo_font_weight_tablet":"","ocean_menu_typo_font_weight_mobile":"","ocean_menu_typo_transform":"","ocean_menu_typo_transform_tablet":"","ocean_menu_typo_transform_mobile":"","ocean_menu_typo_line_height":0,"ocean_menu_typo_line_height_tablet":0,"ocean_menu_typo_line_height_mobile":0,"ocean_menu_typo_line_height_unit":"","ocean_menu_typo_spacing":0,"ocean_menu_typo_spacing_tablet":0,"ocean_menu_typo_spacing_mobile":0,"ocean_menu_typo_spacing_unit":"","ocean_menu_link_color":"","ocean_menu_link_color_hover":"","ocean_menu_link_color_active":"","ocean_menu_link_background":"","ocean_menu_link_hover_background":"","ocean_menu_link_active_background":"","ocean_menu_social_links_bg":"","ocean_menu_social_hover_links_bg":"","ocean_menu_social_links_color":"","ocean_menu_social_hover_links_color":"","ocean_disable_title":"default","ocean_disable_heading":"default","ocean_post_title":"","ocean_post_subheading":"","ocean_post_title_style":"","ocean_post_title_background_color":"","ocean_post_title_background":0,"ocean_post_title_bg_image_position":"","ocean_post_title_bg_image_attachment":"","ocean_post_title_bg_image_repeat":"","ocean_post_title_bg_image_size":"","ocean_post_title_height":0,"ocean_post_title_bg_overlay":0.5,"ocean_post_title_bg_overlay_color":"","ocean_disable_breadcrumbs":"default","ocean_breadcrumbs_color":"","ocean_breadcrumbs_separator_color":"","ocean_breadcrumbs_links_color":"","ocean_breadcrumbs_links_hover_color":"","ocean_display_footer_widgets":"default","ocean_display_footer_bottom":"default","ocean_custom_footer_template":"0"},"product_brand":[],"product_cat":[952,948,951],"product_tag":[],"class_list":{"0":"post-35874","1":"product","2":"type-product","3":"status-publish","4":"has-post-thumbnail","6":"product_cat-bassin","7":"product_cat-poissons-dornement-eau-froide","8":"product_cat-poisson-rouge","10":"entry","11":"has-media","13":"first","14":"instock","15":"shipping-taxable","16":"purchasable","17":"product-type-simple","18":"col","19":"span_1_of_3","20":"owp-content-center","21":"owp-thumbs-layout-horizontal","22":"owp-btn-normal","23":"owp-tabs-layout-horizontal"},"yoast_head":"<!-- This site is optimized with the Yoast SEO plugin v27.4 - https:\/\/yoast.com\/product\/yoast-seo-wordpress\/ -->\n<title>Poisson rouge embal\u00e9 par 1 pi\u00e8ce, 1 sachet avec 1\/3 de l&#039;eau &amp; 2\/3 de l&#039;oxygene pur. | Siervissen Online Shop<\/title>\n<meta name=\"robots\" content=\"index, follow, max-snippet:-1, max-image-preview:large, max-video-preview:-1\" \/>\n<link rel=\"canonical\" href=\"https:\/\/www.siervissen-onlineshop.be\/fr\/shop\/poisson-rouge-embale-par-1-piece-1-sachet-avec-1-3-de-leau-2-3-de-loxygene-pur\/\" \/>\n<meta property=\"og:locale\" content=\"fr_FR\" \/>\n<meta property=\"og:type\" content=\"article\" \/>\n<meta property=\"og:title\" content=\"Poisson rouge embal\u00e9 par 1 pi\u00e8ce, 1 sachet avec 1\/3 de l&#039;eau &amp; 2\/3 de l&#039;oxygene pur. | Siervissen Online Shop\" \/>\n<meta property=\"og:description\" content=\"Poisson rouge emball\u00e9 par pi\u00e8ce (nom latin : Carassius Auratus) Ce poisson rouge est livr\u00e9 et emball\u00e9 par pi\u00e8ce dans des sact avec 1\/3 de l&rsquo;eau &amp; 2\/3 de l&rsquo;oxygene pur. Grace \u00e0 l&rsquo;utilisage de l&rsquo;oxygene pur les poissons peuvent rester maximum jusqu&rsquo;a 96h dans le sac. Il est important que le sac d&#8217;emballe avec [&hellip;]\" \/>\n<meta property=\"og:url\" content=\"https:\/\/www.siervissen-onlineshop.be\/fr\/shop\/poisson-rouge-embale-par-1-piece-1-sachet-avec-1-3-de-leau-2-3-de-loxygene-pur\/\" \/>\n<meta property=\"og:site_name\" content=\"Siervissen Online Shop\" \/>\n<meta property=\"article:publisher\" content=\"https:\/\/www.facebook.com\/siervissenonlineshop.be\" \/>\n<meta property=\"article:modified_time\" content=\"2019-04-26T15:02:31+00:00\" \/>\n<meta property=\"og:image\" content=\"https:\/\/www.siervissen-onlineshop.be\/wp-content\/uploads\/2019\/04\/Goudvis-apart-verpakt-foto1-small.jpg\" \/>\n\t<meta property=\"og:image:width\" content=\"800\" \/>\n\t<meta property=\"og:image:height\" content=\"533\" \/>\n\t<meta property=\"og:image:type\" content=\"image\/jpeg\" \/>\n<meta name=\"twitter:card\" content=\"summary_large_image\" \/>\n<meta name=\"twitter:label1\" content=\"Dur\u00e9e de lecture estim\u00e9e\" \/>\n\t<meta name=\"twitter:data1\" content=\"2 minutes\" \/>\n<script type=\"application\/ld+json\" class=\"yoast-schema-graph\">{\"@context\":\"https:\\\/\\\/schema.org\",\"@graph\":[{\"@type\":\"WebPage\",\"@id\":\"https:\\\/\\\/www.siervissen-onlineshop.be\\\/fr\\\/shop\\\/poisson-rouge-embale-par-1-piece-1-sachet-avec-1-3-de-leau-2-3-de-loxygene-pur\\\/\",\"url\":\"https:\\\/\\\/www.siervissen-onlineshop.be\\\/fr\\\/shop\\\/poisson-rouge-embale-par-1-piece-1-sachet-avec-1-3-de-leau-2-3-de-loxygene-pur\\\/\",\"name\":\"Poisson rouge embal\u00e9 par 1 pi\u00e8ce, 1 sachet avec 1\\\/3 de l'eau &amp; 2\\\/3 de l'oxygene pur. | Siervissen Online Shop\",\"isPartOf\":{\"@id\":\"https:\\\/\\\/www.siervissen-onlineshop.be\\\/#website\"},\"primaryImageOfPage\":{\"@id\":\"https:\\\/\\\/www.siervissen-onlineshop.be\\\/fr\\\/shop\\\/poisson-rouge-embale-par-1-piece-1-sachet-avec-1-3-de-leau-2-3-de-loxygene-pur\\\/#primaryimage\"},\"image\":{\"@id\":\"https:\\\/\\\/www.siervissen-onlineshop.be\\\/fr\\\/shop\\\/poisson-rouge-embale-par-1-piece-1-sachet-avec-1-3-de-leau-2-3-de-loxygene-pur\\\/#primaryimage\"},\"thumbnailUrl\":\"https:\\\/\\\/www.siervissen-onlineshop.be\\\/wp-content\\\/uploads\\\/2019\\\/04\\\/Goudvis-apart-verpakt-foto1-small.jpg\",\"datePublished\":\"2019-04-26T15:02:27+00:00\",\"dateModified\":\"2019-04-26T15:02:31+00:00\",\"breadcrumb\":{\"@id\":\"https:\\\/\\\/www.siervissen-onlineshop.be\\\/fr\\\/shop\\\/poisson-rouge-embale-par-1-piece-1-sachet-avec-1-3-de-leau-2-3-de-loxygene-pur\\\/#breadcrumb\"},\"inLanguage\":\"fr-FR\",\"potentialAction\":[{\"@type\":\"ReadAction\",\"target\":[\"https:\\\/\\\/www.siervissen-onlineshop.be\\\/fr\\\/shop\\\/poisson-rouge-embale-par-1-piece-1-sachet-avec-1-3-de-leau-2-3-de-loxygene-pur\\\/\"]}]},{\"@type\":\"ImageObject\",\"inLanguage\":\"fr-FR\",\"@id\":\"https:\\\/\\\/www.siervissen-onlineshop.be\\\/fr\\\/shop\\\/poisson-rouge-embale-par-1-piece-1-sachet-avec-1-3-de-leau-2-3-de-loxygene-pur\\\/#primaryimage\",\"url\":\"https:\\\/\\\/www.siervissen-onlineshop.be\\\/wp-content\\\/uploads\\\/2019\\\/04\\\/Goudvis-apart-verpakt-foto1-small.jpg\",\"contentUrl\":\"https:\\\/\\\/www.siervissen-onlineshop.be\\\/wp-content\\\/uploads\\\/2019\\\/04\\\/Goudvis-apart-verpakt-foto1-small.jpg\",\"width\":800,\"height\":533,\"caption\":\"Poisson rouge embal\u00e9 par pi\u00e8ce\"},{\"@type\":\"BreadcrumbList\",\"@id\":\"https:\\\/\\\/www.siervissen-onlineshop.be\\\/fr\\\/shop\\\/poisson-rouge-embale-par-1-piece-1-sachet-avec-1-3-de-leau-2-3-de-loxygene-pur\\\/#breadcrumb\",\"itemListElement\":[{\"@type\":\"ListItem\",\"position\":1,\"name\":\"Home\",\"item\":\"https:\\\/\\\/www.siervissen-onlineshop.be\\\/fr\\\/\"},{\"@type\":\"ListItem\",\"position\":2,\"name\":\"shop\",\"item\":\"https:\\\/\\\/www.siervissen-onlineshop.be\\\/fr\\\/boutique\\\/\"},{\"@type\":\"ListItem\",\"position\":3,\"name\":\"Poisson rouge embal\u00e9 par 1 pi\u00e8ce, 1 sachet avec 1\\\/3 de l&#8217;eau &amp; 2\\\/3 de l&#8217;oxygene pur.\"}]},{\"@type\":\"WebSite\",\"@id\":\"https:\\\/\\\/www.siervissen-onlineshop.be\\\/#website\",\"url\":\"https:\\\/\\\/www.siervissen-onlineshop.be\\\/\",\"name\":\"Siervissen Online Shop\",\"description\":\"Siervissen, aquariumvissen, japanse koi's, tropische vissen, koudwatervissen\",\"publisher\":{\"@id\":\"https:\\\/\\\/www.siervissen-onlineshop.be\\\/#organization\"},\"potentialAction\":[{\"@type\":\"SearchAction\",\"target\":{\"@type\":\"EntryPoint\",\"urlTemplate\":\"https:\\\/\\\/www.siervissen-onlineshop.be\\\/?s={search_term_string}\"},\"query-input\":{\"@type\":\"PropertyValueSpecification\",\"valueRequired\":true,\"valueName\":\"search_term_string\"}}],\"inLanguage\":\"fr-FR\"},{\"@type\":\"Organization\",\"@id\":\"https:\\\/\\\/www.siervissen-onlineshop.be\\\/#organization\",\"name\":\"Siervissen Online Shop\",\"url\":\"https:\\\/\\\/www.siervissen-onlineshop.be\\\/\",\"logo\":{\"@type\":\"ImageObject\",\"inLanguage\":\"fr-FR\",\"@id\":\"https:\\\/\\\/www.siervissen-onlineshop.be\\\/#\\\/schema\\\/logo\\\/image\\\/\",\"url\":\"https:\\\/\\\/www.siervissen-onlineshop.be\\\/wp-content\\\/uploads\\\/2019\\\/03\\\/siervissen-onlineshop-frans.png\",\"contentUrl\":\"https:\\\/\\\/www.siervissen-onlineshop.be\\\/wp-content\\\/uploads\\\/2019\\\/03\\\/siervissen-onlineshop-frans.png\",\"width\":592,\"height\":470,\"caption\":\"Siervissen Online Shop\"},\"image\":{\"@id\":\"https:\\\/\\\/www.siervissen-onlineshop.be\\\/#\\\/schema\\\/logo\\\/image\\\/\"},\"sameAs\":[\"https:\\\/\\\/www.facebook.com\\\/siervissenonlineshop.be\"]}]}<\/script>\n<!-- \/ Yoast SEO plugin. -->","yoast_head_json":{"title":"Poisson rouge embal\u00e9 par 1 pi\u00e8ce, 1 sachet avec 1\/3 de l'eau &amp; 2\/3 de l'oxygene pur. | Siervissen Online Shop","robots":{"index":"index","follow":"follow","max-snippet":"max-snippet:-1","max-image-preview":"max-image-preview:large","max-video-preview":"max-video-preview:-1"},"canonical":"https:\/\/www.siervissen-onlineshop.be\/fr\/shop\/poisson-rouge-embale-par-1-piece-1-sachet-avec-1-3-de-leau-2-3-de-loxygene-pur\/","og_locale":"fr_FR","og_type":"article","og_title":"Poisson rouge embal\u00e9 par 1 pi\u00e8ce, 1 sachet avec 1\/3 de l'eau &amp; 2\/3 de l'oxygene pur. | Siervissen Online Shop","og_description":"Poisson rouge emball\u00e9 par pi\u00e8ce (nom latin : Carassius Auratus) Ce poisson rouge est livr\u00e9 et emball\u00e9 par pi\u00e8ce dans des sact avec 1\/3 de l&rsquo;eau &amp; 2\/3 de l&rsquo;oxygene pur. Grace \u00e0 l&rsquo;utilisage de l&rsquo;oxygene pur les poissons peuvent rester maximum jusqu&rsquo;a 96h dans le sac. Il est important que le sac d&#8217;emballe avec [&hellip;]","og_url":"https:\/\/www.siervissen-onlineshop.be\/fr\/shop\/poisson-rouge-embale-par-1-piece-1-sachet-avec-1-3-de-leau-2-3-de-loxygene-pur\/","og_site_name":"Siervissen Online Shop","article_publisher":"https:\/\/www.facebook.com\/siervissenonlineshop.be","article_modified_time":"2019-04-26T15:02:31+00:00","og_image":[{"width":800,"height":533,"url":"https:\/\/www.siervissen-onlineshop.be\/wp-content\/uploads\/2019\/04\/Goudvis-apart-verpakt-foto1-small.jpg","type":"image\/jpeg"}],"twitter_card":"summary_large_image","twitter_misc":{"Dur\u00e9e de lecture estim\u00e9e":"2 minutes"},"schema":{"@context":"https:\/\/schema.org","@graph":[{"@type":"WebPage","@id":"https:\/\/www.siervissen-onlineshop.be\/fr\/shop\/poisson-rouge-embale-par-1-piece-1-sachet-avec-1-3-de-leau-2-3-de-loxygene-pur\/","url":"https:\/\/www.siervissen-onlineshop.be\/fr\/shop\/poisson-rouge-embale-par-1-piece-1-sachet-avec-1-3-de-leau-2-3-de-loxygene-pur\/","name":"Poisson rouge embal\u00e9 par 1 pi\u00e8ce, 1 sachet avec 1\/3 de l'eau &amp; 2\/3 de l'oxygene pur. | Siervissen Online Shop","isPartOf":{"@id":"https:\/\/www.siervissen-onlineshop.be\/#website"},"primaryImageOfPage":{"@id":"https:\/\/www.siervissen-onlineshop.be\/fr\/shop\/poisson-rouge-embale-par-1-piece-1-sachet-avec-1-3-de-leau-2-3-de-loxygene-pur\/#primaryimage"},"image":{"@id":"https:\/\/www.siervissen-onlineshop.be\/fr\/shop\/poisson-rouge-embale-par-1-piece-1-sachet-avec-1-3-de-leau-2-3-de-loxygene-pur\/#primaryimage"},"thumbnailUrl":"https:\/\/www.siervissen-onlineshop.be\/wp-content\/uploads\/2019\/04\/Goudvis-apart-verpakt-foto1-small.jpg","datePublished":"2019-04-26T15:02:27+00:00","dateModified":"2019-04-26T15:02:31+00:00","breadcrumb":{"@id":"https:\/\/www.siervissen-onlineshop.be\/fr\/shop\/poisson-rouge-embale-par-1-piece-1-sachet-avec-1-3-de-leau-2-3-de-loxygene-pur\/#breadcrumb"},"inLanguage":"fr-FR","potentialAction":[{"@type":"ReadAction","target":["https:\/\/www.siervissen-onlineshop.be\/fr\/shop\/poisson-rouge-embale-par-1-piece-1-sachet-avec-1-3-de-leau-2-3-de-loxygene-pur\/"]}]},{"@type":"ImageObject","inLanguage":"fr-FR","@id":"https:\/\/www.siervissen-onlineshop.be\/fr\/shop\/poisson-rouge-embale-par-1-piece-1-sachet-avec-1-3-de-leau-2-3-de-loxygene-pur\/#primaryimage","url":"https:\/\/www.siervissen-onlineshop.be\/wp-content\/uploads\/2019\/04\/Goudvis-apart-verpakt-foto1-small.jpg","contentUrl":"https:\/\/www.siervissen-onlineshop.be\/wp-content\/uploads\/2019\/04\/Goudvis-apart-verpakt-foto1-small.jpg","width":800,"height":533,"caption":"Poisson rouge embal\u00e9 par pi\u00e8ce"},{"@type":"BreadcrumbList","@id":"https:\/\/www.siervissen-onlineshop.be\/fr\/shop\/poisson-rouge-embale-par-1-piece-1-sachet-avec-1-3-de-leau-2-3-de-loxygene-pur\/#breadcrumb","itemListElement":[{"@type":"ListItem","position":1,"name":"Home","item":"https:\/\/www.siervissen-onlineshop.be\/fr\/"},{"@type":"ListItem","position":2,"name":"shop","item":"https:\/\/www.siervissen-onlineshop.be\/fr\/boutique\/"},{"@type":"ListItem","position":3,"name":"Poisson rouge embal\u00e9 par 1 pi\u00e8ce, 1 sachet avec 1\/3 de l&#8217;eau &amp; 2\/3 de l&#8217;oxygene pur."}]},{"@type":"WebSite","@id":"https:\/\/www.siervissen-onlineshop.be\/#website","url":"https:\/\/www.siervissen-onlineshop.be\/","name":"Siervissen Online Shop","description":"Siervissen, aquariumvissen, japanse koi's, tropische vissen, koudwatervissen","publisher":{"@id":"https:\/\/www.siervissen-onlineshop.be\/#organization"},"potentialAction":[{"@type":"SearchAction","target":{"@type":"EntryPoint","urlTemplate":"https:\/\/www.siervissen-onlineshop.be\/?s={search_term_string}"},"query-input":{"@type":"PropertyValueSpecification","valueRequired":true,"valueName":"search_term_string"}}],"inLanguage":"fr-FR"},{"@type":"Organization","@id":"https:\/\/www.siervissen-onlineshop.be\/#organization","name":"Siervissen Online Shop","url":"https:\/\/www.siervissen-onlineshop.be\/","logo":{"@type":"ImageObject","inLanguage":"fr-FR","@id":"https:\/\/www.siervissen-onlineshop.be\/#\/schema\/logo\/image\/","url":"https:\/\/www.siervissen-onlineshop.be\/wp-content\/uploads\/2019\/03\/siervissen-onlineshop-frans.png","contentUrl":"https:\/\/www.siervissen-onlineshop.be\/wp-content\/uploads\/2019\/03\/siervissen-onlineshop-frans.png","width":592,"height":470,"caption":"Siervissen Online Shop"},"image":{"@id":"https:\/\/www.siervissen-onlineshop.be\/#\/schema\/logo\/image\/"},"sameAs":["https:\/\/www.facebook.com\/siervissenonlineshop.be"]}]}},"_links":{"self":[{"href":"https:\/\/www.siervissen-onlineshop.be\/fr\/wp-json\/wp\/v2\/product\/35874","targetHints":{"allow":["GET"]}}],"collection":[{"href":"https:\/\/www.siervissen-onlineshop.be\/fr\/wp-json\/wp\/v2\/product"}],"about":[{"href":"https:\/\/www.siervissen-onlineshop.be\/fr\/wp-json\/wp\/v2\/types\/product"}],"replies":[{"embeddable":true,"href":"https:\/\/www.siervissen-onlineshop.be\/fr\/wp-json\/wp\/v2\/comments?post=35874"}],"version-history":[{"count":0,"href":"https:\/\/www.siervissen-onlineshop.be\/fr\/wp-json\/wp\/v2\/product\/35874\/revisions"}],"wp:featuredmedia":[{"embeddable":true,"href":"https:\/\/www.siervissen-onlineshop.be\/fr\/wp-json\/wp\/v2\/media\/35868"}],"wp:attachment":[{"href":"https:\/\/www.siervissen-onlineshop.be\/fr\/wp-json\/wp\/v2\/media?parent=35874"}],"wp:term":[{"taxonomy":"product_brand","embeddable":true,"href":"https:\/\/www.siervissen-onlineshop.be\/fr\/wp-json\/wp\/v2\/product_brand?post=35874"},{"taxonomy":"product_cat","embeddable":true,"href":"https:\/\/www.siervissen-onlineshop.be\/fr\/wp-json\/wp\/v2\/product_cat?post=35874"},{"taxonomy":"product_tag","embeddable":true,"href":"https:\/\/www.siervissen-onlineshop.be\/fr\/wp-json\/wp\/v2\/product_tag?post=35874"}],"curies":[{"name":"wp","href":"https:\/\/api.w.org\/{rel}","templated":true}]}}