{"id":48577,"date":"2021-07-13T13:49:36","date_gmt":"2021-07-13T13:49:36","guid":{"rendered":"https:\/\/www.siervissen-onlineshop.be\/shop\/apistogramma-borellii\/"},"modified":"2021-07-13T13:49:36","modified_gmt":"2021-07-13T13:49:36","slug":"apistogramma-borellii","status":"publish","type":"product","link":"https:\/\/www.siervissen-onlineshop.be\/fr\/shop\/apistogramma-borellii\/","title":{"rendered":"Apistogramma borellii"},"content":{"rendered":"<p>h4>Cichlid\u00e9 nain bleu (nom latin : Apistogramma borellii)<\/h4>\n<p>Les m\u00e2les peuvent atteindre une longueur de 7 \u00e0 8 cm maximum, les femelles restent plus petites et atteignent une taille maximale de 4,5 cm. L&rsquo;apistogramma Borellii est originaire d&rsquo;Am\u00e9rique du Sud et se trouve dans des pays comme le Paraguay et le Br\u00e9sil. Il est pr\u00e9f\u00e9rable de le conserver dans un aquarium d&rsquo;au moins 60 cm de long. Parce que ces poissons aiment filtrer le sable pour absorber leur nutrition, il est pr\u00e9f\u00e9rable de s&rsquo;assurer un fond sablonneux. Ce poisson n\u00e9cessite une qualit\u00e9 d&rsquo;eau optimale et un changement d&rsquo;eau hebdomadaire d&rsquo;environ 10% est recommand\u00e9.<\/p>\n<h4>Valeurs id\u00e9ales de l&rsquo;eau<\/h4>\n<p>Temp\u00e9rature 20-28 \u00b0c<br \/>\nPH 6.0 &#8211; 8.0<br \/>\nGH 5-19<\/p>\n<h4>Nutrition<\/h4>\n<p>Les apistogrammes sont des mangeurs faciles qui mangent \u00e0 la fois des aliments secs et des aliments surgel\u00e9s tels que les larves de moustiques rouges. Parce que ces poissons vivent et mangent principalement sur le fond, vous devez vous assurer que toute la nourriture n&rsquo;est pas consomm\u00e9e par les mangeurs rapides dans la couche sup\u00e9rieure de l&rsquo;eau. Il est donc conseill\u00e9 de donner \u00e9galement des comprim\u00e9s coulants avec la nourriture habituelle. De cette fa\u00e7on, les apistogrammes peuvent \u00e9galement manger tranquillement sur le sol.<\/p>\n<h4>Reproduction<\/h4>\n<p>Le cichlid\u00e9 nain bleu est ovipare et peut \u00eatre stimul\u00e9 pour s&rsquo;accoupler en augmentant sa temp\u00e9rature. Avec une augmentation soudaine de la temp\u00e9rature, la femelle pondra des \u0153ufs dans un trou ou une crevasse entre des pierres ou du bois. Le mat\u00e9riel de d\u00e9coration tel qu&rsquo;une noix de coco est excellent pour cela. Apr\u00e8s avoir f\u00e9cond\u00e9 les \u0153ufs, le m\u00e2le est chass\u00e9 par la femelle. Lorsque les alevins commencent \u00e0 nager apr\u00e8s 5 jours suppl\u00e9mentaires, vous pouvez commencer \u00e0 les nourrir. <\/p>\n<h4>Commander en ligne<\/h4>\n<p>Les livraisons en Belgique sont effectu\u00e9es avec nos propres camionnettes de livraison chaque semaine du mardi au vendredi. Les animaux sont emball\u00e9s le matin et vous sont livr\u00e9s le jour m\u00eame. Les commandes pour les Pays-Bas, la France et le Luxembourg sont livr\u00e9es avec un service de messagerie express, cela est possible tous les mardis, mercredis et jeudis.<\/p>\n","protected":false},"excerpt":{"rendered":"<p>h4>Cichlid\u00e9 nain bleu (nom latin : Apistogramma borellii) Les m\u00e2les peuvent atteindre une longueur de 7 \u00e0 8 cm maximum, les femelles restent plus petites et atteignent une taille maximale de 4,5 cm. L&rsquo;apistogramma Borellii est originaire d&rsquo;Am\u00e9rique du Sud et se trouve dans des pays comme le Paraguay et le Br\u00e9sil. Il est pr\u00e9f\u00e9rable [&hellip;]<\/p>\n","protected":false},"featured_media":48569,"comment_status":"closed","ping_status":"closed","template":"","meta":{"ocean_post_layout":"","ocean_both_sidebars_style":"","ocean_both_sidebars_content_width":0,"ocean_both_sidebars_sidebars_width":0,"ocean_sidebar":"0","ocean_second_sidebar":"0","ocean_disable_margins":"enable","ocean_add_body_class":"","ocean_shortcode_before_top_bar":"","ocean_shortcode_after_top_bar":"","ocean_shortcode_before_header":"","ocean_shortcode_after_header":"","ocean_has_shortcode":"","ocean_shortcode_after_title":"","ocean_shortcode_before_footer_widgets":"","ocean_shortcode_after_footer_widgets":"","ocean_shortcode_before_footer_bottom":"","ocean_shortcode_after_footer_bottom":"","ocean_display_top_bar":"default","ocean_display_header":"default","ocean_header_style":"","ocean_center_header_left_menu":"0","ocean_custom_header_template":"0","ocean_custom_logo":0,"ocean_custom_retina_logo":0,"ocean_custom_logo_max_width":0,"ocean_custom_logo_tablet_max_width":0,"ocean_custom_logo_mobile_max_width":0,"ocean_custom_logo_max_height":0,"ocean_custom_logo_tablet_max_height":0,"ocean_custom_logo_mobile_max_height":0,"ocean_header_custom_menu":"0","ocean_menu_typo_font_family":"0","ocean_menu_typo_font_subset":"","ocean_menu_typo_font_size":0,"ocean_menu_typo_font_size_tablet":0,"ocean_menu_typo_font_size_mobile":0,"ocean_menu_typo_font_size_unit":"px","ocean_menu_typo_font_weight":"","ocean_menu_typo_font_weight_tablet":"","ocean_menu_typo_font_weight_mobile":"","ocean_menu_typo_transform":"","ocean_menu_typo_transform_tablet":"","ocean_menu_typo_transform_mobile":"","ocean_menu_typo_line_height":0,"ocean_menu_typo_line_height_tablet":0,"ocean_menu_typo_line_height_mobile":0,"ocean_menu_typo_line_height_unit":"","ocean_menu_typo_spacing":0,"ocean_menu_typo_spacing_tablet":0,"ocean_menu_typo_spacing_mobile":0,"ocean_menu_typo_spacing_unit":"","ocean_menu_link_color":"","ocean_menu_link_color_hover":"","ocean_menu_link_color_active":"","ocean_menu_link_background":"","ocean_menu_link_hover_background":"","ocean_menu_link_active_background":"","ocean_menu_social_links_bg":"","ocean_menu_social_hover_links_bg":"","ocean_menu_social_links_color":"","ocean_menu_social_hover_links_color":"","ocean_disable_title":"default","ocean_disable_heading":"default","ocean_post_title":"","ocean_post_subheading":"","ocean_post_title_style":"","ocean_post_title_background_color":"","ocean_post_title_background":0,"ocean_post_title_bg_image_position":"","ocean_post_title_bg_image_attachment":"","ocean_post_title_bg_image_repeat":"","ocean_post_title_bg_image_size":"","ocean_post_title_height":0,"ocean_post_title_bg_overlay":0.5,"ocean_post_title_bg_overlay_color":"","ocean_disable_breadcrumbs":"default","ocean_breadcrumbs_color":"","ocean_breadcrumbs_separator_color":"","ocean_breadcrumbs_links_color":"","ocean_breadcrumbs_links_hover_color":"","ocean_display_footer_widgets":"default","ocean_display_footer_bottom":"default","ocean_custom_footer_template":"0"},"product_brand":[],"product_cat":[957,953],"product_tag":[],"class_list":{"0":"post-48577","1":"product","2":"type-product","3":"status-publish","4":"has-post-thumbnail","6":"product_cat-cichlides","7":"product_cat-poissons-tropicaux","9":"entry","10":"has-media","12":"first","13":"instock","14":"shipping-taxable","15":"purchasable","16":"product-type-simple","17":"col","18":"span_1_of_3","19":"owp-content-center","20":"owp-thumbs-layout-horizontal","21":"owp-btn-normal","22":"owp-tabs-layout-horizontal","23":"has-no-thumbnails"},"yoast_head":"<!-- This site is optimized with the Yoast SEO plugin v27.4 - https:\/\/yoast.com\/product\/yoast-seo-wordpress\/ -->\n<title>Apistogramma borellii | Siervissen Online Shop<\/title>\n<meta name=\"robots\" content=\"index, follow, max-snippet:-1, max-image-preview:large, max-video-preview:-1\" \/>\n<link rel=\"canonical\" href=\"https:\/\/www.siervissen-onlineshop.be\/fr\/shop\/apistogramma-borellii\/\" \/>\n<meta property=\"og:locale\" content=\"fr_FR\" \/>\n<meta property=\"og:type\" content=\"article\" \/>\n<meta property=\"og:title\" content=\"Apistogramma borellii | Siervissen Online Shop\" \/>\n<meta property=\"og:description\" content=\"h4&gt;Cichlid\u00e9 nain bleu (nom latin : Apistogramma borellii) Les m\u00e2les peuvent atteindre une longueur de 7 \u00e0 8 cm maximum, les femelles restent plus petites et atteignent une taille maximale de 4,5 cm. L&rsquo;apistogramma Borellii est originaire d&rsquo;Am\u00e9rique du Sud et se trouve dans des pays comme le Paraguay et le Br\u00e9sil. Il est pr\u00e9f\u00e9rable [&hellip;]\" \/>\n<meta property=\"og:url\" content=\"https:\/\/www.siervissen-onlineshop.be\/fr\/shop\/apistogramma-borellii\/\" \/>\n<meta property=\"og:site_name\" content=\"Siervissen Online Shop\" \/>\n<meta property=\"article:publisher\" content=\"https:\/\/www.facebook.com\/siervissenonlineshop.be\" \/>\n<meta property=\"og:image\" content=\"https:\/\/www.siervissen-onlineshop.be\/wp-content\/uploads\/2021\/07\/Borelli-apistogramma.jpg\" \/>\n\t<meta property=\"og:image:width\" content=\"800\" \/>\n\t<meta property=\"og:image:height\" content=\"600\" \/>\n\t<meta property=\"og:image:type\" content=\"image\/jpeg\" \/>\n<meta name=\"twitter:card\" content=\"summary_large_image\" \/>\n<meta name=\"twitter:label1\" content=\"Dur\u00e9e de lecture estim\u00e9e\" \/>\n\t<meta name=\"twitter:data1\" content=\"2 minutes\" \/>\n<script type=\"application\/ld+json\" class=\"yoast-schema-graph\">{\"@context\":\"https:\\\/\\\/schema.org\",\"@graph\":[{\"@type\":\"WebPage\",\"@id\":\"https:\\\/\\\/www.siervissen-onlineshop.be\\\/fr\\\/shop\\\/apistogramma-borellii\\\/\",\"url\":\"https:\\\/\\\/www.siervissen-onlineshop.be\\\/fr\\\/shop\\\/apistogramma-borellii\\\/\",\"name\":\"Apistogramma borellii | Siervissen Online Shop\",\"isPartOf\":{\"@id\":\"https:\\\/\\\/www.siervissen-onlineshop.be\\\/#website\"},\"primaryImageOfPage\":{\"@id\":\"https:\\\/\\\/www.siervissen-onlineshop.be\\\/fr\\\/shop\\\/apistogramma-borellii\\\/#primaryimage\"},\"image\":{\"@id\":\"https:\\\/\\\/www.siervissen-onlineshop.be\\\/fr\\\/shop\\\/apistogramma-borellii\\\/#primaryimage\"},\"thumbnailUrl\":\"https:\\\/\\\/www.siervissen-onlineshop.be\\\/wp-content\\\/uploads\\\/2021\\\/07\\\/Borelli-apistogramma.jpg\",\"datePublished\":\"2021-07-13T13:49:36+00:00\",\"breadcrumb\":{\"@id\":\"https:\\\/\\\/www.siervissen-onlineshop.be\\\/fr\\\/shop\\\/apistogramma-borellii\\\/#breadcrumb\"},\"inLanguage\":\"fr-FR\",\"potentialAction\":[{\"@type\":\"ReadAction\",\"target\":[\"https:\\\/\\\/www.siervissen-onlineshop.be\\\/fr\\\/shop\\\/apistogramma-borellii\\\/\"]}]},{\"@type\":\"ImageObject\",\"inLanguage\":\"fr-FR\",\"@id\":\"https:\\\/\\\/www.siervissen-onlineshop.be\\\/fr\\\/shop\\\/apistogramma-borellii\\\/#primaryimage\",\"url\":\"https:\\\/\\\/www.siervissen-onlineshop.be\\\/wp-content\\\/uploads\\\/2021\\\/07\\\/Borelli-apistogramma.jpg\",\"contentUrl\":\"https:\\\/\\\/www.siervissen-onlineshop.be\\\/wp-content\\\/uploads\\\/2021\\\/07\\\/Borelli-apistogramma.jpg\",\"width\":800,\"height\":600,\"caption\":\"Apistogramma Borelli\"},{\"@type\":\"BreadcrumbList\",\"@id\":\"https:\\\/\\\/www.siervissen-onlineshop.be\\\/fr\\\/shop\\\/apistogramma-borellii\\\/#breadcrumb\",\"itemListElement\":[{\"@type\":\"ListItem\",\"position\":1,\"name\":\"Home\",\"item\":\"https:\\\/\\\/www.siervissen-onlineshop.be\\\/fr\\\/\"},{\"@type\":\"ListItem\",\"position\":2,\"name\":\"shop\",\"item\":\"https:\\\/\\\/www.siervissen-onlineshop.be\\\/fr\\\/boutique\\\/\"},{\"@type\":\"ListItem\",\"position\":3,\"name\":\"Apistogramma borellii\"}]},{\"@type\":\"WebSite\",\"@id\":\"https:\\\/\\\/www.siervissen-onlineshop.be\\\/#website\",\"url\":\"https:\\\/\\\/www.siervissen-onlineshop.be\\\/\",\"name\":\"Siervissen Online Shop\",\"description\":\"Siervissen, aquariumvissen, japanse koi's, tropische vissen, koudwatervissen\",\"publisher\":{\"@id\":\"https:\\\/\\\/www.siervissen-onlineshop.be\\\/#organization\"},\"potentialAction\":[{\"@type\":\"SearchAction\",\"target\":{\"@type\":\"EntryPoint\",\"urlTemplate\":\"https:\\\/\\\/www.siervissen-onlineshop.be\\\/?s={search_term_string}\"},\"query-input\":{\"@type\":\"PropertyValueSpecification\",\"valueRequired\":true,\"valueName\":\"search_term_string\"}}],\"inLanguage\":\"fr-FR\"},{\"@type\":\"Organization\",\"@id\":\"https:\\\/\\\/www.siervissen-onlineshop.be\\\/#organization\",\"name\":\"Siervissen Online Shop\",\"url\":\"https:\\\/\\\/www.siervissen-onlineshop.be\\\/\",\"logo\":{\"@type\":\"ImageObject\",\"inLanguage\":\"fr-FR\",\"@id\":\"https:\\\/\\\/www.siervissen-onlineshop.be\\\/#\\\/schema\\\/logo\\\/image\\\/\",\"url\":\"https:\\\/\\\/www.siervissen-onlineshop.be\\\/wp-content\\\/uploads\\\/2019\\\/03\\\/siervissen-onlineshop-frans.png\",\"contentUrl\":\"https:\\\/\\\/www.siervissen-onlineshop.be\\\/wp-content\\\/uploads\\\/2019\\\/03\\\/siervissen-onlineshop-frans.png\",\"width\":592,\"height\":470,\"caption\":\"Siervissen Online Shop\"},\"image\":{\"@id\":\"https:\\\/\\\/www.siervissen-onlineshop.be\\\/#\\\/schema\\\/logo\\\/image\\\/\"},\"sameAs\":[\"https:\\\/\\\/www.facebook.com\\\/siervissenonlineshop.be\"]}]}<\/script>\n<!-- \/ Yoast SEO plugin. -->","yoast_head_json":{"title":"Apistogramma borellii | Siervissen Online Shop","robots":{"index":"index","follow":"follow","max-snippet":"max-snippet:-1","max-image-preview":"max-image-preview:large","max-video-preview":"max-video-preview:-1"},"canonical":"https:\/\/www.siervissen-onlineshop.be\/fr\/shop\/apistogramma-borellii\/","og_locale":"fr_FR","og_type":"article","og_title":"Apistogramma borellii | Siervissen Online Shop","og_description":"h4>Cichlid\u00e9 nain bleu (nom latin : Apistogramma borellii) Les m\u00e2les peuvent atteindre une longueur de 7 \u00e0 8 cm maximum, les femelles restent plus petites et atteignent une taille maximale de 4,5 cm. L&rsquo;apistogramma Borellii est originaire d&rsquo;Am\u00e9rique du Sud et se trouve dans des pays comme le Paraguay et le Br\u00e9sil. Il est pr\u00e9f\u00e9rable [&hellip;]","og_url":"https:\/\/www.siervissen-onlineshop.be\/fr\/shop\/apistogramma-borellii\/","og_site_name":"Siervissen Online Shop","article_publisher":"https:\/\/www.facebook.com\/siervissenonlineshop.be","og_image":[{"width":800,"height":600,"url":"https:\/\/www.siervissen-onlineshop.be\/wp-content\/uploads\/2021\/07\/Borelli-apistogramma.jpg","type":"image\/jpeg"}],"twitter_card":"summary_large_image","twitter_misc":{"Dur\u00e9e de lecture estim\u00e9e":"2 minutes"},"schema":{"@context":"https:\/\/schema.org","@graph":[{"@type":"WebPage","@id":"https:\/\/www.siervissen-onlineshop.be\/fr\/shop\/apistogramma-borellii\/","url":"https:\/\/www.siervissen-onlineshop.be\/fr\/shop\/apistogramma-borellii\/","name":"Apistogramma borellii | Siervissen Online Shop","isPartOf":{"@id":"https:\/\/www.siervissen-onlineshop.be\/#website"},"primaryImageOfPage":{"@id":"https:\/\/www.siervissen-onlineshop.be\/fr\/shop\/apistogramma-borellii\/#primaryimage"},"image":{"@id":"https:\/\/www.siervissen-onlineshop.be\/fr\/shop\/apistogramma-borellii\/#primaryimage"},"thumbnailUrl":"https:\/\/www.siervissen-onlineshop.be\/wp-content\/uploads\/2021\/07\/Borelli-apistogramma.jpg","datePublished":"2021-07-13T13:49:36+00:00","breadcrumb":{"@id":"https:\/\/www.siervissen-onlineshop.be\/fr\/shop\/apistogramma-borellii\/#breadcrumb"},"inLanguage":"fr-FR","potentialAction":[{"@type":"ReadAction","target":["https:\/\/www.siervissen-onlineshop.be\/fr\/shop\/apistogramma-borellii\/"]}]},{"@type":"ImageObject","inLanguage":"fr-FR","@id":"https:\/\/www.siervissen-onlineshop.be\/fr\/shop\/apistogramma-borellii\/#primaryimage","url":"https:\/\/www.siervissen-onlineshop.be\/wp-content\/uploads\/2021\/07\/Borelli-apistogramma.jpg","contentUrl":"https:\/\/www.siervissen-onlineshop.be\/wp-content\/uploads\/2021\/07\/Borelli-apistogramma.jpg","width":800,"height":600,"caption":"Apistogramma Borelli"},{"@type":"BreadcrumbList","@id":"https:\/\/www.siervissen-onlineshop.be\/fr\/shop\/apistogramma-borellii\/#breadcrumb","itemListElement":[{"@type":"ListItem","position":1,"name":"Home","item":"https:\/\/www.siervissen-onlineshop.be\/fr\/"},{"@type":"ListItem","position":2,"name":"shop","item":"https:\/\/www.siervissen-onlineshop.be\/fr\/boutique\/"},{"@type":"ListItem","position":3,"name":"Apistogramma borellii"}]},{"@type":"WebSite","@id":"https:\/\/www.siervissen-onlineshop.be\/#website","url":"https:\/\/www.siervissen-onlineshop.be\/","name":"Siervissen Online Shop","description":"Siervissen, aquariumvissen, japanse koi's, tropische vissen, koudwatervissen","publisher":{"@id":"https:\/\/www.siervissen-onlineshop.be\/#organization"},"potentialAction":[{"@type":"SearchAction","target":{"@type":"EntryPoint","urlTemplate":"https:\/\/www.siervissen-onlineshop.be\/?s={search_term_string}"},"query-input":{"@type":"PropertyValueSpecification","valueRequired":true,"valueName":"search_term_string"}}],"inLanguage":"fr-FR"},{"@type":"Organization","@id":"https:\/\/www.siervissen-onlineshop.be\/#organization","name":"Siervissen Online Shop","url":"https:\/\/www.siervissen-onlineshop.be\/","logo":{"@type":"ImageObject","inLanguage":"fr-FR","@id":"https:\/\/www.siervissen-onlineshop.be\/#\/schema\/logo\/image\/","url":"https:\/\/www.siervissen-onlineshop.be\/wp-content\/uploads\/2019\/03\/siervissen-onlineshop-frans.png","contentUrl":"https:\/\/www.siervissen-onlineshop.be\/wp-content\/uploads\/2019\/03\/siervissen-onlineshop-frans.png","width":592,"height":470,"caption":"Siervissen Online Shop"},"image":{"@id":"https:\/\/www.siervissen-onlineshop.be\/#\/schema\/logo\/image\/"},"sameAs":["https:\/\/www.facebook.com\/siervissenonlineshop.be"]}]}},"_links":{"self":[{"href":"https:\/\/www.siervissen-onlineshop.be\/fr\/wp-json\/wp\/v2\/product\/48577","targetHints":{"allow":["GET"]}}],"collection":[{"href":"https:\/\/www.siervissen-onlineshop.be\/fr\/wp-json\/wp\/v2\/product"}],"about":[{"href":"https:\/\/www.siervissen-onlineshop.be\/fr\/wp-json\/wp\/v2\/types\/product"}],"replies":[{"embeddable":true,"href":"https:\/\/www.siervissen-onlineshop.be\/fr\/wp-json\/wp\/v2\/comments?post=48577"}],"version-history":[{"count":0,"href":"https:\/\/www.siervissen-onlineshop.be\/fr\/wp-json\/wp\/v2\/product\/48577\/revisions"}],"wp:featuredmedia":[{"embeddable":true,"href":"https:\/\/www.siervissen-onlineshop.be\/fr\/wp-json\/wp\/v2\/media\/48569"}],"wp:attachment":[{"href":"https:\/\/www.siervissen-onlineshop.be\/fr\/wp-json\/wp\/v2\/media?parent=48577"}],"wp:term":[{"taxonomy":"product_brand","embeddable":true,"href":"https:\/\/www.siervissen-onlineshop.be\/fr\/wp-json\/wp\/v2\/product_brand?post=48577"},{"taxonomy":"product_cat","embeddable":true,"href":"https:\/\/www.siervissen-onlineshop.be\/fr\/wp-json\/wp\/v2\/product_cat?post=48577"},{"taxonomy":"product_tag","embeddable":true,"href":"https:\/\/www.siervissen-onlineshop.be\/fr\/wp-json\/wp\/v2\/product_tag?post=48577"}],"curies":[{"name":"wp","href":"https:\/\/api.w.org\/{rel}","templated":true}]}}