{"id":50085,"date":"2021-12-09T03:44:18","date_gmt":"2021-12-09T03:44:18","guid":{"rendered":"https:\/\/www.siervissen-onlineshop.be\/shop\/tanche-verte-20-25cm-lot-de-2-poissons\/"},"modified":"2023-07-04T19:54:45","modified_gmt":"2023-07-04T19:54:45","slug":"tanche-verte-20cm-lot-de-2-poissons","status":"publish","type":"product","link":"https:\/\/www.siervissen-onlineshop.be\/fr\/shop\/tanche-verte-20cm-lot-de-2-poissons\/","title":{"rendered":"Tanche verte 20cm +\/- lot de 2 poissons"},"content":{"rendered":"<p>Description<br \/>\nTanche verte \u2013 poissons docteur (nom latin: Tinca tinca)<br \/>\nLa tanche de verte est aussi appel\u00e9e parfois un poisson-docteur. l\u2019Animal se distingue nettement des autres esp\u00e8ces par sa couleur verte et sa peau \u00e9paisse et visqueuse. La tanche est \u00e9galement bien reconnaissable \u00e0 son iris rouge, \u00e0 ses nageoires convexes, \u00e0 ses nageoires caudales et \u00e0 sa barbe. Vous pouvez reconna\u00eetre les sp\u00e9cimens masculins sur les plus grandes nageoires pelviennes. En hiver, les animaux sont plut\u00f4t passifs et r\u00e9duisent leur m\u00e9tabolisme. En cons\u00e9quence, ils passent en hibernation et peuvent survivre pendant de longues p\u00e9riodes avec peu d\u2019oxyg\u00e8ne dans l\u2019eau.<\/p>\n<p>La nutrition<br \/>\nLa tanche de verte est un omnivore, il mange des plantes ainsi que des petits escargots, des insectes et des c\u00e9r\u00e9ales. Dans la nature, la tanche vit principalement dans des eaux stagnantes ou \u00e0 faible d\u00e9bit, au fond vaseux et moelleux. Lorsqu\u2019il cherche de la nourriture, il aspire le sol \u00e0 partir duquel il filtre les animaux comestibles. Il mange aussi de petits insectes \u00e0 partir de plantes telles que les escargots d\u2019eau, les crustac\u00e9s et les larves d\u2019insectes.<\/p>\n<p>Purificateur<br \/>\nDans les bassins d\u2019eau de pluie, les tanches \u00e9taient autrefois gard\u00e9es pour garder l\u2019eau propre. La tanche de mongolie contribue \u00e0 une meilleure qualit\u00e9 de l\u2019eau, il est de plus en plus gard\u00e9 dans des bassins d\u2019ornement et bassins pour nager. De nature, c\u2019est un animal timide qui aime se cacher au fond de l\u2019\u00e9tang. C\u2019est souvent l\u2019un des rares poissons qui reste lorsqu\u2019un \u00e9tang souffre de h\u00e9rons.<\/p>\n<p>Commander en ligne<br \/>\nLorsque vous commandez la tanche en ligne, les animaux sont livr\u00e9s \u00e0 votre domicile. M\u00eame les plus petites commandes sont livr\u00e9es \u00e0 votre domicile, pour lequel un emballage suppl\u00e9mentaire et les co\u00fbts de transport sont factur\u00e9s. Nous sommes toujours pr\u00eats \u00e0 r\u00e9pondre \u00e0 vos questions! Envoyez-nous un message par messagerie ou par e-mail et nous vous r\u00e9pondrons dans les meilleurs d\u00e9lais. Profitez de notre approche rapide et directe et profitez notre service!<\/p>\n","protected":false},"excerpt":{"rendered":"<p>Description Tanche verte \u2013 poissons docteur (nom latin: Tinca tinca) La tanche de verte est aussi appel\u00e9e parfois un poisson-docteur. l\u2019Animal se distingue nettement des autres esp\u00e8ces par sa couleur verte et sa peau \u00e9paisse et visqueuse. La tanche est \u00e9galement bien reconnaissable \u00e0 son iris rouge, \u00e0 ses nageoires convexes, \u00e0 ses nageoires caudales [&hellip;]<\/p>\n","protected":false},"featured_media":50083,"comment_status":"closed","ping_status":"closed","template":"","meta":{"ocean_post_layout":"","ocean_both_sidebars_style":"","ocean_both_sidebars_content_width":0,"ocean_both_sidebars_sidebars_width":0,"ocean_sidebar":"0","ocean_second_sidebar":"0","ocean_disable_margins":"enable","ocean_add_body_class":"","ocean_shortcode_before_top_bar":"","ocean_shortcode_after_top_bar":"","ocean_shortcode_before_header":"","ocean_shortcode_after_header":"","ocean_has_shortcode":"","ocean_shortcode_after_title":"","ocean_shortcode_before_footer_widgets":"","ocean_shortcode_after_footer_widgets":"","ocean_shortcode_before_footer_bottom":"","ocean_shortcode_after_footer_bottom":"","ocean_display_top_bar":"default","ocean_display_header":"default","ocean_header_style":"","ocean_center_header_left_menu":"0","ocean_custom_header_template":"0","ocean_custom_logo":0,"ocean_custom_retina_logo":0,"ocean_custom_logo_max_width":0,"ocean_custom_logo_tablet_max_width":0,"ocean_custom_logo_mobile_max_width":0,"ocean_custom_logo_max_height":0,"ocean_custom_logo_tablet_max_height":0,"ocean_custom_logo_mobile_max_height":0,"ocean_header_custom_menu":"0","ocean_menu_typo_font_family":"0","ocean_menu_typo_font_subset":"","ocean_menu_typo_font_size":0,"ocean_menu_typo_font_size_tablet":0,"ocean_menu_typo_font_size_mobile":0,"ocean_menu_typo_font_size_unit":"px","ocean_menu_typo_font_weight":"","ocean_menu_typo_font_weight_tablet":"","ocean_menu_typo_font_weight_mobile":"","ocean_menu_typo_transform":"","ocean_menu_typo_transform_tablet":"","ocean_menu_typo_transform_mobile":"","ocean_menu_typo_line_height":0,"ocean_menu_typo_line_height_tablet":0,"ocean_menu_typo_line_height_mobile":0,"ocean_menu_typo_line_height_unit":"","ocean_menu_typo_spacing":0,"ocean_menu_typo_spacing_tablet":0,"ocean_menu_typo_spacing_mobile":0,"ocean_menu_typo_spacing_unit":"","ocean_menu_link_color":"","ocean_menu_link_color_hover":"","ocean_menu_link_color_active":"","ocean_menu_link_background":"","ocean_menu_link_hover_background":"","ocean_menu_link_active_background":"","ocean_menu_social_links_bg":"","ocean_menu_social_hover_links_bg":"","ocean_menu_social_links_color":"","ocean_menu_social_hover_links_color":"","ocean_disable_title":"default","ocean_disable_heading":"default","ocean_post_title":"","ocean_post_subheading":"","ocean_post_title_style":"","ocean_post_title_background_color":"","ocean_post_title_background":0,"ocean_post_title_bg_image_position":"","ocean_post_title_bg_image_attachment":"","ocean_post_title_bg_image_repeat":"","ocean_post_title_bg_image_size":"","ocean_post_title_height":0,"ocean_post_title_bg_overlay":0.5,"ocean_post_title_bg_overlay_color":"","ocean_disable_breadcrumbs":"default","ocean_breadcrumbs_color":"","ocean_breadcrumbs_separator_color":"","ocean_breadcrumbs_links_color":"","ocean_breadcrumbs_links_hover_color":"","ocean_display_footer_widgets":"default","ocean_display_footer_bottom":"default","ocean_custom_footer_template":"0"},"product_brand":[],"product_cat":[952,948,1041],"product_tag":[],"class_list":{"0":"post-50085","1":"product","2":"type-product","3":"status-publish","4":"has-post-thumbnail","6":"product_cat-bassin","7":"product_cat-poissons-dornement-eau-froide","8":"product_cat-populair","10":"entry","11":"has-media","13":"first","14":"instock","15":"shipping-taxable","16":"purchasable","17":"product-type-simple","18":"col","19":"span_1_of_3","20":"owp-content-center","21":"owp-thumbs-layout-horizontal","22":"owp-btn-normal","23":"owp-tabs-layout-horizontal","24":"has-no-thumbnails"},"yoast_head":"<!-- This site is optimized with the Yoast SEO plugin v27.4 - https:\/\/yoast.com\/product\/yoast-seo-wordpress\/ -->\n<title>Tanche commander en ligne chez Siervissen Onlineshop<\/title>\n<meta name=\"description\" content=\"Tanche est souvent utilis\u00e9s comme amm\u00e9lioreur des plans d&#039;eau, ce poissons mange aussi tout genre d&#039;insectes dans l&#039;eau.\" \/>\n<meta name=\"robots\" content=\"index, follow, max-snippet:-1, max-image-preview:large, max-video-preview:-1\" \/>\n<link rel=\"canonical\" href=\"https:\/\/www.siervissen-onlineshop.be\/fr\/shop\/tanche-verte-20cm-lot-de-2-poissons\/\" \/>\n<meta property=\"og:locale\" content=\"fr_FR\" \/>\n<meta property=\"og:type\" content=\"article\" \/>\n<meta property=\"og:title\" content=\"Tanche commander en ligne chez Siervissen Onlineshop\" \/>\n<meta property=\"og:description\" content=\"Tanche est souvent utilis\u00e9s comme amm\u00e9lioreur des plans d&#039;eau, ce poissons mange aussi tout genre d&#039;insectes dans l&#039;eau.\" \/>\n<meta property=\"og:url\" content=\"https:\/\/www.siervissen-onlineshop.be\/fr\/shop\/tanche-verte-20cm-lot-de-2-poissons\/\" \/>\n<meta property=\"og:site_name\" content=\"Siervissen Online Shop\" \/>\n<meta property=\"article:publisher\" content=\"https:\/\/www.facebook.com\/siervissenonlineshop.be\" \/>\n<meta property=\"article:modified_time\" content=\"2023-07-04T19:54:45+00:00\" \/>\n<meta property=\"og:image\" content=\"https:\/\/www.siervissen-onlineshop.be\/wp-content\/uploads\/2021\/12\/green-tench.jpg\" \/>\n\t<meta property=\"og:image:width\" content=\"1024\" \/>\n\t<meta property=\"og:image:height\" content=\"768\" \/>\n\t<meta property=\"og:image:type\" content=\"image\/jpeg\" \/>\n<meta name=\"twitter:card\" content=\"summary_large_image\" \/>\n<meta name=\"twitter:label1\" content=\"Dur\u00e9e de lecture estim\u00e9e\" \/>\n\t<meta name=\"twitter:data1\" content=\"2 minutes\" \/>\n<script type=\"application\/ld+json\" class=\"yoast-schema-graph\">{\"@context\":\"https:\\\/\\\/schema.org\",\"@graph\":[{\"@type\":\"WebPage\",\"@id\":\"https:\\\/\\\/www.siervissen-onlineshop.be\\\/fr\\\/shop\\\/tanche-verte-20cm-lot-de-2-poissons\\\/\",\"url\":\"https:\\\/\\\/www.siervissen-onlineshop.be\\\/fr\\\/shop\\\/tanche-verte-20cm-lot-de-2-poissons\\\/\",\"name\":\"Tanche commander en ligne chez Siervissen Onlineshop\",\"isPartOf\":{\"@id\":\"https:\\\/\\\/www.siervissen-onlineshop.be\\\/#website\"},\"primaryImageOfPage\":{\"@id\":\"https:\\\/\\\/www.siervissen-onlineshop.be\\\/fr\\\/shop\\\/tanche-verte-20cm-lot-de-2-poissons\\\/#primaryimage\"},\"image\":{\"@id\":\"https:\\\/\\\/www.siervissen-onlineshop.be\\\/fr\\\/shop\\\/tanche-verte-20cm-lot-de-2-poissons\\\/#primaryimage\"},\"thumbnailUrl\":\"https:\\\/\\\/www.siervissen-onlineshop.be\\\/wp-content\\\/uploads\\\/2021\\\/12\\\/green-tench.jpg\",\"datePublished\":\"2021-12-09T03:44:18+00:00\",\"dateModified\":\"2023-07-04T19:54:45+00:00\",\"description\":\"Tanche est souvent utilis\u00e9s comme amm\u00e9lioreur des plans d'eau, ce poissons mange aussi tout genre d'insectes dans l'eau.\",\"breadcrumb\":{\"@id\":\"https:\\\/\\\/www.siervissen-onlineshop.be\\\/fr\\\/shop\\\/tanche-verte-20cm-lot-de-2-poissons\\\/#breadcrumb\"},\"inLanguage\":\"fr-FR\",\"potentialAction\":[{\"@type\":\"ReadAction\",\"target\":[\"https:\\\/\\\/www.siervissen-onlineshop.be\\\/fr\\\/shop\\\/tanche-verte-20cm-lot-de-2-poissons\\\/\"]}]},{\"@type\":\"ImageObject\",\"inLanguage\":\"fr-FR\",\"@id\":\"https:\\\/\\\/www.siervissen-onlineshop.be\\\/fr\\\/shop\\\/tanche-verte-20cm-lot-de-2-poissons\\\/#primaryimage\",\"url\":\"https:\\\/\\\/www.siervissen-onlineshop.be\\\/wp-content\\\/uploads\\\/2021\\\/12\\\/green-tench.jpg\",\"contentUrl\":\"https:\\\/\\\/www.siervissen-onlineshop.be\\\/wp-content\\\/uploads\\\/2021\\\/12\\\/green-tench.jpg\",\"width\":1024,\"height\":768,\"caption\":\"Tanche\"},{\"@type\":\"BreadcrumbList\",\"@id\":\"https:\\\/\\\/www.siervissen-onlineshop.be\\\/fr\\\/shop\\\/tanche-verte-20cm-lot-de-2-poissons\\\/#breadcrumb\",\"itemListElement\":[{\"@type\":\"ListItem\",\"position\":1,\"name\":\"Home\",\"item\":\"https:\\\/\\\/www.siervissen-onlineshop.be\\\/fr\\\/\"},{\"@type\":\"ListItem\",\"position\":2,\"name\":\"shop\",\"item\":\"https:\\\/\\\/www.siervissen-onlineshop.be\\\/fr\\\/boutique\\\/\"},{\"@type\":\"ListItem\",\"position\":3,\"name\":\"Tanche verte 20cm +\\\/- lot de 2 poissons\"}]},{\"@type\":\"WebSite\",\"@id\":\"https:\\\/\\\/www.siervissen-onlineshop.be\\\/#website\",\"url\":\"https:\\\/\\\/www.siervissen-onlineshop.be\\\/\",\"name\":\"Siervissen Online Shop\",\"description\":\"Siervissen, aquariumvissen, japanse koi's, tropische vissen, koudwatervissen\",\"publisher\":{\"@id\":\"https:\\\/\\\/www.siervissen-onlineshop.be\\\/#organization\"},\"potentialAction\":[{\"@type\":\"SearchAction\",\"target\":{\"@type\":\"EntryPoint\",\"urlTemplate\":\"https:\\\/\\\/www.siervissen-onlineshop.be\\\/?s={search_term_string}\"},\"query-input\":{\"@type\":\"PropertyValueSpecification\",\"valueRequired\":true,\"valueName\":\"search_term_string\"}}],\"inLanguage\":\"fr-FR\"},{\"@type\":\"Organization\",\"@id\":\"https:\\\/\\\/www.siervissen-onlineshop.be\\\/#organization\",\"name\":\"Siervissen Online Shop\",\"url\":\"https:\\\/\\\/www.siervissen-onlineshop.be\\\/\",\"logo\":{\"@type\":\"ImageObject\",\"inLanguage\":\"fr-FR\",\"@id\":\"https:\\\/\\\/www.siervissen-onlineshop.be\\\/#\\\/schema\\\/logo\\\/image\\\/\",\"url\":\"https:\\\/\\\/www.siervissen-onlineshop.be\\\/wp-content\\\/uploads\\\/2019\\\/03\\\/siervissen-onlineshop-frans.png\",\"contentUrl\":\"https:\\\/\\\/www.siervissen-onlineshop.be\\\/wp-content\\\/uploads\\\/2019\\\/03\\\/siervissen-onlineshop-frans.png\",\"width\":592,\"height\":470,\"caption\":\"Siervissen Online Shop\"},\"image\":{\"@id\":\"https:\\\/\\\/www.siervissen-onlineshop.be\\\/#\\\/schema\\\/logo\\\/image\\\/\"},\"sameAs\":[\"https:\\\/\\\/www.facebook.com\\\/siervissenonlineshop.be\"]}]}<\/script>\n<!-- \/ Yoast SEO plugin. -->","yoast_head_json":{"title":"Tanche commander en ligne chez Siervissen Onlineshop","description":"Tanche est souvent utilis\u00e9s comme amm\u00e9lioreur des plans d'eau, ce poissons mange aussi tout genre d'insectes dans l'eau.","robots":{"index":"index","follow":"follow","max-snippet":"max-snippet:-1","max-image-preview":"max-image-preview:large","max-video-preview":"max-video-preview:-1"},"canonical":"https:\/\/www.siervissen-onlineshop.be\/fr\/shop\/tanche-verte-20cm-lot-de-2-poissons\/","og_locale":"fr_FR","og_type":"article","og_title":"Tanche commander en ligne chez Siervissen Onlineshop","og_description":"Tanche est souvent utilis\u00e9s comme amm\u00e9lioreur des plans d'eau, ce poissons mange aussi tout genre d'insectes dans l'eau.","og_url":"https:\/\/www.siervissen-onlineshop.be\/fr\/shop\/tanche-verte-20cm-lot-de-2-poissons\/","og_site_name":"Siervissen Online Shop","article_publisher":"https:\/\/www.facebook.com\/siervissenonlineshop.be","article_modified_time":"2023-07-04T19:54:45+00:00","og_image":[{"width":1024,"height":768,"url":"https:\/\/www.siervissen-onlineshop.be\/wp-content\/uploads\/2021\/12\/green-tench.jpg","type":"image\/jpeg"}],"twitter_card":"summary_large_image","twitter_misc":{"Dur\u00e9e de lecture estim\u00e9e":"2 minutes"},"schema":{"@context":"https:\/\/schema.org","@graph":[{"@type":"WebPage","@id":"https:\/\/www.siervissen-onlineshop.be\/fr\/shop\/tanche-verte-20cm-lot-de-2-poissons\/","url":"https:\/\/www.siervissen-onlineshop.be\/fr\/shop\/tanche-verte-20cm-lot-de-2-poissons\/","name":"Tanche commander en ligne chez Siervissen Onlineshop","isPartOf":{"@id":"https:\/\/www.siervissen-onlineshop.be\/#website"},"primaryImageOfPage":{"@id":"https:\/\/www.siervissen-onlineshop.be\/fr\/shop\/tanche-verte-20cm-lot-de-2-poissons\/#primaryimage"},"image":{"@id":"https:\/\/www.siervissen-onlineshop.be\/fr\/shop\/tanche-verte-20cm-lot-de-2-poissons\/#primaryimage"},"thumbnailUrl":"https:\/\/www.siervissen-onlineshop.be\/wp-content\/uploads\/2021\/12\/green-tench.jpg","datePublished":"2021-12-09T03:44:18+00:00","dateModified":"2023-07-04T19:54:45+00:00","description":"Tanche est souvent utilis\u00e9s comme amm\u00e9lioreur des plans d'eau, ce poissons mange aussi tout genre d'insectes dans l'eau.","breadcrumb":{"@id":"https:\/\/www.siervissen-onlineshop.be\/fr\/shop\/tanche-verte-20cm-lot-de-2-poissons\/#breadcrumb"},"inLanguage":"fr-FR","potentialAction":[{"@type":"ReadAction","target":["https:\/\/www.siervissen-onlineshop.be\/fr\/shop\/tanche-verte-20cm-lot-de-2-poissons\/"]}]},{"@type":"ImageObject","inLanguage":"fr-FR","@id":"https:\/\/www.siervissen-onlineshop.be\/fr\/shop\/tanche-verte-20cm-lot-de-2-poissons\/#primaryimage","url":"https:\/\/www.siervissen-onlineshop.be\/wp-content\/uploads\/2021\/12\/green-tench.jpg","contentUrl":"https:\/\/www.siervissen-onlineshop.be\/wp-content\/uploads\/2021\/12\/green-tench.jpg","width":1024,"height":768,"caption":"Tanche"},{"@type":"BreadcrumbList","@id":"https:\/\/www.siervissen-onlineshop.be\/fr\/shop\/tanche-verte-20cm-lot-de-2-poissons\/#breadcrumb","itemListElement":[{"@type":"ListItem","position":1,"name":"Home","item":"https:\/\/www.siervissen-onlineshop.be\/fr\/"},{"@type":"ListItem","position":2,"name":"shop","item":"https:\/\/www.siervissen-onlineshop.be\/fr\/boutique\/"},{"@type":"ListItem","position":3,"name":"Tanche verte 20cm +\/- lot de 2 poissons"}]},{"@type":"WebSite","@id":"https:\/\/www.siervissen-onlineshop.be\/#website","url":"https:\/\/www.siervissen-onlineshop.be\/","name":"Siervissen Online Shop","description":"Siervissen, aquariumvissen, japanse koi's, tropische vissen, koudwatervissen","publisher":{"@id":"https:\/\/www.siervissen-onlineshop.be\/#organization"},"potentialAction":[{"@type":"SearchAction","target":{"@type":"EntryPoint","urlTemplate":"https:\/\/www.siervissen-onlineshop.be\/?s={search_term_string}"},"query-input":{"@type":"PropertyValueSpecification","valueRequired":true,"valueName":"search_term_string"}}],"inLanguage":"fr-FR"},{"@type":"Organization","@id":"https:\/\/www.siervissen-onlineshop.be\/#organization","name":"Siervissen Online Shop","url":"https:\/\/www.siervissen-onlineshop.be\/","logo":{"@type":"ImageObject","inLanguage":"fr-FR","@id":"https:\/\/www.siervissen-onlineshop.be\/#\/schema\/logo\/image\/","url":"https:\/\/www.siervissen-onlineshop.be\/wp-content\/uploads\/2019\/03\/siervissen-onlineshop-frans.png","contentUrl":"https:\/\/www.siervissen-onlineshop.be\/wp-content\/uploads\/2019\/03\/siervissen-onlineshop-frans.png","width":592,"height":470,"caption":"Siervissen Online Shop"},"image":{"@id":"https:\/\/www.siervissen-onlineshop.be\/#\/schema\/logo\/image\/"},"sameAs":["https:\/\/www.facebook.com\/siervissenonlineshop.be"]}]}},"_links":{"self":[{"href":"https:\/\/www.siervissen-onlineshop.be\/fr\/wp-json\/wp\/v2\/product\/50085","targetHints":{"allow":["GET"]}}],"collection":[{"href":"https:\/\/www.siervissen-onlineshop.be\/fr\/wp-json\/wp\/v2\/product"}],"about":[{"href":"https:\/\/www.siervissen-onlineshop.be\/fr\/wp-json\/wp\/v2\/types\/product"}],"replies":[{"embeddable":true,"href":"https:\/\/www.siervissen-onlineshop.be\/fr\/wp-json\/wp\/v2\/comments?post=50085"}],"version-history":[{"count":1,"href":"https:\/\/www.siervissen-onlineshop.be\/fr\/wp-json\/wp\/v2\/product\/50085\/revisions"}],"predecessor-version":[{"id":56579,"href":"https:\/\/www.siervissen-onlineshop.be\/fr\/wp-json\/wp\/v2\/product\/50085\/revisions\/56579"}],"wp:featuredmedia":[{"embeddable":true,"href":"https:\/\/www.siervissen-onlineshop.be\/fr\/wp-json\/wp\/v2\/media\/50083"}],"wp:attachment":[{"href":"https:\/\/www.siervissen-onlineshop.be\/fr\/wp-json\/wp\/v2\/media?parent=50085"}],"wp:term":[{"taxonomy":"product_brand","embeddable":true,"href":"https:\/\/www.siervissen-onlineshop.be\/fr\/wp-json\/wp\/v2\/product_brand?post=50085"},{"taxonomy":"product_cat","embeddable":true,"href":"https:\/\/www.siervissen-onlineshop.be\/fr\/wp-json\/wp\/v2\/product_cat?post=50085"},{"taxonomy":"product_tag","embeddable":true,"href":"https:\/\/www.siervissen-onlineshop.be\/fr\/wp-json\/wp\/v2\/product_tag?post=50085"}],"curies":[{"name":"wp","href":"https:\/\/api.w.org\/{rel}","templated":true}]}}