{"id":54189,"date":"2022-03-16T20:52:17","date_gmt":"2022-03-16T20:52:17","guid":{"rendered":"https:\/\/www.siervissen-onlineshop.be\/shop\/esturgeon-blanc-apprendre-plus\/"},"modified":"2026-03-18T06:43:45","modified_gmt":"2026-03-18T06:43:45","slug":"esturgeon-blanc-apprendre-plus","status":"publish","type":"product","link":"https:\/\/www.siervissen-onlineshop.be\/fr\/shop\/esturgeon-blanc-apprendre-plus\/","title":{"rendered":"Albino esturgeon sterlet 20cm +\/-"},"content":{"rendered":"<p>Acheter de l\u2019esturgeon en ligne (Acipencer Ruthenus)<br \/>\nSi vous souhaitez acheter des esturgeons, jetez un \u0153il \u00e0 cet esturgeon blanc albinos. C\u2019est l\u2019esp\u00e8ce par excellence pour nager en bassin d\u2019ornement. Ces animaux grandissent lentement et en nageant, ils nettoient le fond, pour ainsi dire. Une fois que l\u2019esturgeon blanc atteint 70 \u00e0 80 cm, il arr\u00eate de cro\u00eetre et devient adulte. Lorsque les poissons ont 8 ans, ils sont sexuellement matures et peuvent produire des \u0153ufs.<\/p>\n<p>Faits<br \/>\nLes esturgeons sont l\u2019un des plus vieux poissons de la plan\u00e8te. Contrairement aux familles communes de poissons osseux, ils ont un squelette cartilagineux avec une nageoire caudale in\u00e9gale. Il n\u2019est donc pas surprenant que certaines personnes confondent souvent les esturgeons avec les requins. Cependant, il n\u2019y a aucune similitude, les deux ne sont pas du tout li\u00e9s. Si vous souhaitez acheter un esturgeon en ligne, rappelez-vous qu\u2019un esturgeon ne peut pas nager \u00e0 reculons. \u00c9vitez de placer cet animal dans des \u00e9tangs \u00e0 v\u00e9g\u00e9tation dense. L\u2019esturgeon peut alors se coincer dans les v\u00e9g\u00e9taux o\u00f9 il finira par se \u201cnoyer\u201d. C\u2019est pourquoi il est pr\u00e9f\u00e9rable de garder l\u2019esturgeon dans un \u00e9tang ouvert avec beaucoup d\u2019espace o\u00f9 l\u2019animal ne nage pas. Ces animaux aiment l\u2019eau riche en oxyg\u00e8ne, il est important que l\u2019eau soit constamment filtr\u00e9e.<\/p>\n<p>Commander en ligne<br \/>\nVotre commande sera trait\u00e9e avec le plus grand soin et le transport sera le plus court possible. Les animaux sont emball\u00e9s dans des sacs en plastique avec l\u2019eau et l\u2019oxyg\u00e8ne industriel n\u00e9cessaires. Parce que les animaux sont transport\u00e9s dans une bo\u00eete ferm\u00e9e sombre, cela \u00e9vite le stress. De plus, votre esturgeon est transport\u00e9 dans une caisse bien isol\u00e9e, ce qui \u00e9vite les fluctuations de temp\u00e9rature. Une fois que l\u2019animal vous a \u00e9t\u00e9 livr\u00e9, ouvrez la caisse et faites flotter le sac de transport sur l\u2019\u00e9tang. Apr\u00e8s environ 30 minutes, vous pouvez rel\u00e2cher le nouvel esturgeon dans la pi\u00e8ce d\u2019eau. Les livraisons sont possibles le mardi, mercredi, jeudi et vendredi, notre chauffeur reprend la caisse de transport apr\u00e8s v\u00e9rification du poisson \u00e0 votre domicile.<\/p>\n","protected":false},"excerpt":{"rendered":"<p>Acheter de l\u2019esturgeon en ligne (Acipencer Ruthenus) Si vous souhaitez acheter des esturgeons, jetez un \u0153il \u00e0 cet esturgeon blanc albinos. C\u2019est l\u2019esp\u00e8ce par excellence pour nager en bassin d\u2019ornement. Ces animaux grandissent lentement et en nageant, ils nettoient le fond, pour ainsi dire. Une fois que l\u2019esturgeon blanc atteint 70 \u00e0 80 cm, il [&hellip;]<\/p>\n","protected":false},"featured_media":51047,"comment_status":"closed","ping_status":"closed","template":"","meta":{"ocean_post_layout":"","ocean_both_sidebars_style":"","ocean_both_sidebars_content_width":0,"ocean_both_sidebars_sidebars_width":0,"ocean_sidebar":"0","ocean_second_sidebar":"0","ocean_disable_margins":"enable","ocean_add_body_class":"","ocean_shortcode_before_top_bar":"","ocean_shortcode_after_top_bar":"","ocean_shortcode_before_header":"","ocean_shortcode_after_header":"","ocean_has_shortcode":"","ocean_shortcode_after_title":"","ocean_shortcode_before_footer_widgets":"","ocean_shortcode_after_footer_widgets":"","ocean_shortcode_before_footer_bottom":"","ocean_shortcode_after_footer_bottom":"","ocean_display_top_bar":"default","ocean_display_header":"default","ocean_header_style":"","ocean_center_header_left_menu":"0","ocean_custom_header_template":"0","ocean_custom_logo":0,"ocean_custom_retina_logo":0,"ocean_custom_logo_max_width":0,"ocean_custom_logo_tablet_max_width":0,"ocean_custom_logo_mobile_max_width":0,"ocean_custom_logo_max_height":0,"ocean_custom_logo_tablet_max_height":0,"ocean_custom_logo_mobile_max_height":0,"ocean_header_custom_menu":"0","ocean_menu_typo_font_family":"0","ocean_menu_typo_font_subset":"","ocean_menu_typo_font_size":0,"ocean_menu_typo_font_size_tablet":0,"ocean_menu_typo_font_size_mobile":0,"ocean_menu_typo_font_size_unit":"px","ocean_menu_typo_font_weight":"","ocean_menu_typo_font_weight_tablet":"","ocean_menu_typo_font_weight_mobile":"","ocean_menu_typo_transform":"","ocean_menu_typo_transform_tablet":"","ocean_menu_typo_transform_mobile":"","ocean_menu_typo_line_height":0,"ocean_menu_typo_line_height_tablet":0,"ocean_menu_typo_line_height_mobile":0,"ocean_menu_typo_line_height_unit":"","ocean_menu_typo_spacing":0,"ocean_menu_typo_spacing_tablet":0,"ocean_menu_typo_spacing_mobile":0,"ocean_menu_typo_spacing_unit":"","ocean_menu_link_color":"","ocean_menu_link_color_hover":"","ocean_menu_link_color_active":"","ocean_menu_link_background":"","ocean_menu_link_hover_background":"","ocean_menu_link_active_background":"","ocean_menu_social_links_bg":"","ocean_menu_social_hover_links_bg":"","ocean_menu_social_links_color":"","ocean_menu_social_hover_links_color":"","ocean_disable_title":"default","ocean_disable_heading":"default","ocean_post_title":"","ocean_post_subheading":"","ocean_post_title_style":"","ocean_post_title_background_color":"","ocean_post_title_background":0,"ocean_post_title_bg_image_position":"","ocean_post_title_bg_image_attachment":"","ocean_post_title_bg_image_repeat":"","ocean_post_title_bg_image_size":"","ocean_post_title_height":0,"ocean_post_title_bg_overlay":0.5,"ocean_post_title_bg_overlay_color":"","ocean_disable_breadcrumbs":"default","ocean_breadcrumbs_color":"","ocean_breadcrumbs_separator_color":"","ocean_breadcrumbs_links_color":"","ocean_breadcrumbs_links_hover_color":"","ocean_display_footer_widgets":"default","ocean_display_footer_bottom":"default","ocean_custom_footer_template":"0"},"product_brand":[],"product_cat":[948,950,1041],"product_tag":[],"class_list":{"0":"post-54189","1":"product","2":"type-product","3":"status-publish","4":"has-post-thumbnail","6":"product_cat-poissons-dornement-eau-froide","7":"product_cat-esturgeons","8":"product_cat-populair","10":"entry","11":"has-media","13":"first","14":"instock","15":"shipping-taxable","16":"purchasable","17":"product-type-simple","18":"col","19":"span_1_of_3","20":"owp-content-center","21":"owp-thumbs-layout-horizontal","22":"owp-btn-normal","23":"owp-tabs-layout-horizontal","24":"has-no-thumbnails"},"yoast_head":"<!-- This site is optimized with the Yoast SEO plugin v27.4 - https:\/\/yoast.com\/product\/yoast-seo-wordpress\/ -->\n<title>Esturgeon blanc livr\u00e9s \u00e0 domicile par Siervissen Onlineshop<\/title>\n<meta name=\"description\" content=\"Esturgeons blanc sont des poissons tr\u00e8s visible dans un bassin.\" \/>\n<meta name=\"robots\" content=\"index, follow, max-snippet:-1, max-image-preview:large, max-video-preview:-1\" \/>\n<link rel=\"canonical\" href=\"https:\/\/www.siervissen-onlineshop.be\/fr\/shop\/esturgeon-blanc-apprendre-plus\/\" \/>\n<meta property=\"og:locale\" content=\"fr_FR\" \/>\n<meta property=\"og:type\" content=\"article\" \/>\n<meta property=\"og:title\" content=\"Esturgeon blanc livr\u00e9s \u00e0 domicile par Siervissen Onlineshop\" \/>\n<meta property=\"og:description\" content=\"Esturgeons blanc sont des poissons tr\u00e8s visible dans un bassin.\" \/>\n<meta property=\"og:url\" content=\"https:\/\/www.siervissen-onlineshop.be\/fr\/shop\/esturgeon-blanc-apprendre-plus\/\" \/>\n<meta property=\"og:site_name\" content=\"Siervissen Online Shop\" \/>\n<meta property=\"article:publisher\" content=\"https:\/\/www.facebook.com\/siervissenonlineshop.be\" \/>\n<meta property=\"article:modified_time\" content=\"2026-03-18T06:43:45+00:00\" \/>\n<meta property=\"og:image\" content=\"https:\/\/www.siervissen-onlineshop.be\/wp-content\/uploads\/2022\/03\/albino-steur.jpg\" \/>\n\t<meta property=\"og:image:width\" content=\"800\" \/>\n\t<meta property=\"og:image:height\" content=\"533\" \/>\n\t<meta property=\"og:image:type\" content=\"image\/jpeg\" \/>\n<meta name=\"twitter:card\" content=\"summary_large_image\" \/>\n<meta name=\"twitter:label1\" content=\"Dur\u00e9e de lecture estim\u00e9e\" \/>\n\t<meta name=\"twitter:data1\" content=\"2 minutes\" \/>\n<script type=\"application\/ld+json\" class=\"yoast-schema-graph\">{\"@context\":\"https:\\\/\\\/schema.org\",\"@graph\":[{\"@type\":\"WebPage\",\"@id\":\"https:\\\/\\\/www.siervissen-onlineshop.be\\\/fr\\\/shop\\\/esturgeon-blanc-apprendre-plus\\\/\",\"url\":\"https:\\\/\\\/www.siervissen-onlineshop.be\\\/fr\\\/shop\\\/esturgeon-blanc-apprendre-plus\\\/\",\"name\":\"Esturgeon blanc livr\u00e9s \u00e0 domicile par Siervissen Onlineshop\",\"isPartOf\":{\"@id\":\"https:\\\/\\\/www.siervissen-onlineshop.be\\\/#website\"},\"primaryImageOfPage\":{\"@id\":\"https:\\\/\\\/www.siervissen-onlineshop.be\\\/fr\\\/shop\\\/esturgeon-blanc-apprendre-plus\\\/#primaryimage\"},\"image\":{\"@id\":\"https:\\\/\\\/www.siervissen-onlineshop.be\\\/fr\\\/shop\\\/esturgeon-blanc-apprendre-plus\\\/#primaryimage\"},\"thumbnailUrl\":\"https:\\\/\\\/www.siervissen-onlineshop.be\\\/wp-content\\\/uploads\\\/2022\\\/03\\\/albino-steur.jpg\",\"datePublished\":\"2022-03-16T20:52:17+00:00\",\"dateModified\":\"2026-03-18T06:43:45+00:00\",\"description\":\"Esturgeons blanc sont des poissons tr\u00e8s visible dans un bassin.\",\"breadcrumb\":{\"@id\":\"https:\\\/\\\/www.siervissen-onlineshop.be\\\/fr\\\/shop\\\/esturgeon-blanc-apprendre-plus\\\/#breadcrumb\"},\"inLanguage\":\"fr-FR\",\"potentialAction\":[{\"@type\":\"ReadAction\",\"target\":[\"https:\\\/\\\/www.siervissen-onlineshop.be\\\/fr\\\/shop\\\/esturgeon-blanc-apprendre-plus\\\/\"]}]},{\"@type\":\"ImageObject\",\"inLanguage\":\"fr-FR\",\"@id\":\"https:\\\/\\\/www.siervissen-onlineshop.be\\\/fr\\\/shop\\\/esturgeon-blanc-apprendre-plus\\\/#primaryimage\",\"url\":\"https:\\\/\\\/www.siervissen-onlineshop.be\\\/wp-content\\\/uploads\\\/2022\\\/03\\\/albino-steur.jpg\",\"contentUrl\":\"https:\\\/\\\/www.siervissen-onlineshop.be\\\/wp-content\\\/uploads\\\/2022\\\/03\\\/albino-steur.jpg\",\"width\":800,\"height\":533,\"caption\":\"Esturgeon blanc\"},{\"@type\":\"BreadcrumbList\",\"@id\":\"https:\\\/\\\/www.siervissen-onlineshop.be\\\/fr\\\/shop\\\/esturgeon-blanc-apprendre-plus\\\/#breadcrumb\",\"itemListElement\":[{\"@type\":\"ListItem\",\"position\":1,\"name\":\"Home\",\"item\":\"https:\\\/\\\/www.siervissen-onlineshop.be\\\/fr\\\/\"},{\"@type\":\"ListItem\",\"position\":2,\"name\":\"shop\",\"item\":\"https:\\\/\\\/www.siervissen-onlineshop.be\\\/fr\\\/boutique\\\/\"},{\"@type\":\"ListItem\",\"position\":3,\"name\":\"Albino esturgeon sterlet 20cm +\\\/-\"}]},{\"@type\":\"WebSite\",\"@id\":\"https:\\\/\\\/www.siervissen-onlineshop.be\\\/#website\",\"url\":\"https:\\\/\\\/www.siervissen-onlineshop.be\\\/\",\"name\":\"Siervissen Online Shop\",\"description\":\"Siervissen, aquariumvissen, japanse koi's, tropische vissen, koudwatervissen\",\"publisher\":{\"@id\":\"https:\\\/\\\/www.siervissen-onlineshop.be\\\/#organization\"},\"potentialAction\":[{\"@type\":\"SearchAction\",\"target\":{\"@type\":\"EntryPoint\",\"urlTemplate\":\"https:\\\/\\\/www.siervissen-onlineshop.be\\\/?s={search_term_string}\"},\"query-input\":{\"@type\":\"PropertyValueSpecification\",\"valueRequired\":true,\"valueName\":\"search_term_string\"}}],\"inLanguage\":\"fr-FR\"},{\"@type\":\"Organization\",\"@id\":\"https:\\\/\\\/www.siervissen-onlineshop.be\\\/#organization\",\"name\":\"Siervissen Online Shop\",\"url\":\"https:\\\/\\\/www.siervissen-onlineshop.be\\\/\",\"logo\":{\"@type\":\"ImageObject\",\"inLanguage\":\"fr-FR\",\"@id\":\"https:\\\/\\\/www.siervissen-onlineshop.be\\\/#\\\/schema\\\/logo\\\/image\\\/\",\"url\":\"https:\\\/\\\/www.siervissen-onlineshop.be\\\/wp-content\\\/uploads\\\/2019\\\/03\\\/siervissen-onlineshop-frans.png\",\"contentUrl\":\"https:\\\/\\\/www.siervissen-onlineshop.be\\\/wp-content\\\/uploads\\\/2019\\\/03\\\/siervissen-onlineshop-frans.png\",\"width\":592,\"height\":470,\"caption\":\"Siervissen Online Shop\"},\"image\":{\"@id\":\"https:\\\/\\\/www.siervissen-onlineshop.be\\\/#\\\/schema\\\/logo\\\/image\\\/\"},\"sameAs\":[\"https:\\\/\\\/www.facebook.com\\\/siervissenonlineshop.be\"]}]}<\/script>\n<!-- \/ Yoast SEO plugin. -->","yoast_head_json":{"title":"Esturgeon blanc livr\u00e9s \u00e0 domicile par Siervissen Onlineshop","description":"Esturgeons blanc sont des poissons tr\u00e8s visible dans un bassin.","robots":{"index":"index","follow":"follow","max-snippet":"max-snippet:-1","max-image-preview":"max-image-preview:large","max-video-preview":"max-video-preview:-1"},"canonical":"https:\/\/www.siervissen-onlineshop.be\/fr\/shop\/esturgeon-blanc-apprendre-plus\/","og_locale":"fr_FR","og_type":"article","og_title":"Esturgeon blanc livr\u00e9s \u00e0 domicile par Siervissen Onlineshop","og_description":"Esturgeons blanc sont des poissons tr\u00e8s visible dans un bassin.","og_url":"https:\/\/www.siervissen-onlineshop.be\/fr\/shop\/esturgeon-blanc-apprendre-plus\/","og_site_name":"Siervissen Online Shop","article_publisher":"https:\/\/www.facebook.com\/siervissenonlineshop.be","article_modified_time":"2026-03-18T06:43:45+00:00","og_image":[{"width":800,"height":533,"url":"https:\/\/www.siervissen-onlineshop.be\/wp-content\/uploads\/2022\/03\/albino-steur.jpg","type":"image\/jpeg"}],"twitter_card":"summary_large_image","twitter_misc":{"Dur\u00e9e de lecture estim\u00e9e":"2 minutes"},"schema":{"@context":"https:\/\/schema.org","@graph":[{"@type":"WebPage","@id":"https:\/\/www.siervissen-onlineshop.be\/fr\/shop\/esturgeon-blanc-apprendre-plus\/","url":"https:\/\/www.siervissen-onlineshop.be\/fr\/shop\/esturgeon-blanc-apprendre-plus\/","name":"Esturgeon blanc livr\u00e9s \u00e0 domicile par Siervissen Onlineshop","isPartOf":{"@id":"https:\/\/www.siervissen-onlineshop.be\/#website"},"primaryImageOfPage":{"@id":"https:\/\/www.siervissen-onlineshop.be\/fr\/shop\/esturgeon-blanc-apprendre-plus\/#primaryimage"},"image":{"@id":"https:\/\/www.siervissen-onlineshop.be\/fr\/shop\/esturgeon-blanc-apprendre-plus\/#primaryimage"},"thumbnailUrl":"https:\/\/www.siervissen-onlineshop.be\/wp-content\/uploads\/2022\/03\/albino-steur.jpg","datePublished":"2022-03-16T20:52:17+00:00","dateModified":"2026-03-18T06:43:45+00:00","description":"Esturgeons blanc sont des poissons tr\u00e8s visible dans un bassin.","breadcrumb":{"@id":"https:\/\/www.siervissen-onlineshop.be\/fr\/shop\/esturgeon-blanc-apprendre-plus\/#breadcrumb"},"inLanguage":"fr-FR","potentialAction":[{"@type":"ReadAction","target":["https:\/\/www.siervissen-onlineshop.be\/fr\/shop\/esturgeon-blanc-apprendre-plus\/"]}]},{"@type":"ImageObject","inLanguage":"fr-FR","@id":"https:\/\/www.siervissen-onlineshop.be\/fr\/shop\/esturgeon-blanc-apprendre-plus\/#primaryimage","url":"https:\/\/www.siervissen-onlineshop.be\/wp-content\/uploads\/2022\/03\/albino-steur.jpg","contentUrl":"https:\/\/www.siervissen-onlineshop.be\/wp-content\/uploads\/2022\/03\/albino-steur.jpg","width":800,"height":533,"caption":"Esturgeon blanc"},{"@type":"BreadcrumbList","@id":"https:\/\/www.siervissen-onlineshop.be\/fr\/shop\/esturgeon-blanc-apprendre-plus\/#breadcrumb","itemListElement":[{"@type":"ListItem","position":1,"name":"Home","item":"https:\/\/www.siervissen-onlineshop.be\/fr\/"},{"@type":"ListItem","position":2,"name":"shop","item":"https:\/\/www.siervissen-onlineshop.be\/fr\/boutique\/"},{"@type":"ListItem","position":3,"name":"Albino esturgeon sterlet 20cm +\/-"}]},{"@type":"WebSite","@id":"https:\/\/www.siervissen-onlineshop.be\/#website","url":"https:\/\/www.siervissen-onlineshop.be\/","name":"Siervissen Online Shop","description":"Siervissen, aquariumvissen, japanse koi's, tropische vissen, koudwatervissen","publisher":{"@id":"https:\/\/www.siervissen-onlineshop.be\/#organization"},"potentialAction":[{"@type":"SearchAction","target":{"@type":"EntryPoint","urlTemplate":"https:\/\/www.siervissen-onlineshop.be\/?s={search_term_string}"},"query-input":{"@type":"PropertyValueSpecification","valueRequired":true,"valueName":"search_term_string"}}],"inLanguage":"fr-FR"},{"@type":"Organization","@id":"https:\/\/www.siervissen-onlineshop.be\/#organization","name":"Siervissen Online Shop","url":"https:\/\/www.siervissen-onlineshop.be\/","logo":{"@type":"ImageObject","inLanguage":"fr-FR","@id":"https:\/\/www.siervissen-onlineshop.be\/#\/schema\/logo\/image\/","url":"https:\/\/www.siervissen-onlineshop.be\/wp-content\/uploads\/2019\/03\/siervissen-onlineshop-frans.png","contentUrl":"https:\/\/www.siervissen-onlineshop.be\/wp-content\/uploads\/2019\/03\/siervissen-onlineshop-frans.png","width":592,"height":470,"caption":"Siervissen Online Shop"},"image":{"@id":"https:\/\/www.siervissen-onlineshop.be\/#\/schema\/logo\/image\/"},"sameAs":["https:\/\/www.facebook.com\/siervissenonlineshop.be"]}]}},"_links":{"self":[{"href":"https:\/\/www.siervissen-onlineshop.be\/fr\/wp-json\/wp\/v2\/product\/54189","targetHints":{"allow":["GET"]}}],"collection":[{"href":"https:\/\/www.siervissen-onlineshop.be\/fr\/wp-json\/wp\/v2\/product"}],"about":[{"href":"https:\/\/www.siervissen-onlineshop.be\/fr\/wp-json\/wp\/v2\/types\/product"}],"replies":[{"embeddable":true,"href":"https:\/\/www.siervissen-onlineshop.be\/fr\/wp-json\/wp\/v2\/comments?post=54189"}],"version-history":[{"count":1,"href":"https:\/\/www.siervissen-onlineshop.be\/fr\/wp-json\/wp\/v2\/product\/54189\/revisions"}],"predecessor-version":[{"id":64963,"href":"https:\/\/www.siervissen-onlineshop.be\/fr\/wp-json\/wp\/v2\/product\/54189\/revisions\/64963"}],"wp:featuredmedia":[{"embeddable":true,"href":"https:\/\/www.siervissen-onlineshop.be\/fr\/wp-json\/wp\/v2\/media\/51047"}],"wp:attachment":[{"href":"https:\/\/www.siervissen-onlineshop.be\/fr\/wp-json\/wp\/v2\/media?parent=54189"}],"wp:term":[{"taxonomy":"product_brand","embeddable":true,"href":"https:\/\/www.siervissen-onlineshop.be\/fr\/wp-json\/wp\/v2\/product_brand?post=54189"},{"taxonomy":"product_cat","embeddable":true,"href":"https:\/\/www.siervissen-onlineshop.be\/fr\/wp-json\/wp\/v2\/product_cat?post=54189"},{"taxonomy":"product_tag","embeddable":true,"href":"https:\/\/www.siervissen-onlineshop.be\/fr\/wp-json\/wp\/v2\/product_tag?post=54189"}],"curies":[{"name":"wp","href":"https:\/\/api.w.org\/{rel}","templated":true}]}}