{"id":54781,"date":"2023-02-23T15:07:51","date_gmt":"2023-02-23T15:07:51","guid":{"rendered":"https:\/\/www.siervissen-onlineshop.be\/shop\/yamabuki-apprendre-plus\/"},"modified":"2025-07-30T14:31:27","modified_gmt":"2025-07-30T14:31:27","slug":"yamabuki-apprendre-plus","status":"publish","type":"product","link":"https:\/\/www.siervissen-onlineshop.be\/fr\/shop\/yamabuki-apprendre-plus\/","title":{"rendered":"25-30cm Yamabuki koi Japon (jaune dor\u00e9)"},"content":{"rendered":"<h4>Yamabuki koi (nom latin : Cyprinus carpio)<\/h4>\n<p>Yamabuki koi est aussi appel\u00e9 le joyau vivant de l&rsquo;\u00e9tang, le yamabuki koi a une couleur jaune dor\u00e9. Il est important pour une croissance rapide que les animaux re\u00e7oivent de la nourriture plusieurs fois par jour. Lorsque cela se produit r\u00e9guli\u00e8rement, les ko\u00efs s&rsquo;apprivoisent rapidement et viennent m\u00eame manger dans votre main. De nombreuses vari\u00e9t\u00e9s et mod\u00e8les de couleurs diff\u00e9rents sont possibles.<\/p>\n<h4>Origine :<\/h4>\n<p>L&rsquo;\u00e9levage de Koi a commenc\u00e9 \u00e0 l&rsquo;origine au Japon, ce pays est toujours le berceau d&rsquo;un \u00e9levage de haute qualit\u00e9. Les poissons qui occupent la premi\u00e8re place dans les concours de beaut\u00e9 sont souvent \u00e9chang\u00e9s contre beaucoup d&rsquo;argent.<\/p>\n<h4>Achat en ligne :<\/h4>\n<p>L&rsquo;achat de ces koi en ligne dans la boutique est facile, les animaux sont s\u00e9lectionn\u00e9s individuellement un par un. Seuls les animaux avec la meilleure couleur et le meilleur corps sont propos\u00e9s dans cette boutique. Commander en ligne pr\u00e9sente de nombreux avantages, il est possible de faire ses courses depuis chez soi et de comparer les prix.<\/p>\n<h4>Emballage et transport :<\/h4>\n<p>Le transport du poisson lui-m\u00eame ne prend jamais longtemps et nous prenons \u00e9galement soin de l&#8217;emballage des animaux. Pour commencer, les poissons sont plac\u00e9s dans un sac en plastique avec l&rsquo;eau et l&rsquo;oxyg\u00e8ne n\u00e9cessaires. Ensuite, les poissons sont plac\u00e9s dans une bo\u00eete et vous sont livr\u00e9s. Lorsque notre chauffeur part avec votre commande le matin, nous envoyons toujours un e-mail afin que vous sachiez que votre commande est en route. Les livraisons en Belgique se font avec notre propre chauffeur, vous pouvez \u00e9galement rendre la caisse de transport au chauffeur apr\u00e8s la livraison.<\/p>\n<h4>Acclimater :<\/h4>\n<p>Une fois les ko\u00ef command\u00e9s arriv\u00e9s chez vous, il est conseill\u00e9 de laisser les animaux flotter \u00e0 la surface de l&rsquo;eau du bassin pendant une demi-heure. Ensuite, vous pouvez verser le poisson dans un seau, puis ajouter de l&rsquo;eau de l&rsquo;\u00e9tang au poisson. Apr\u00e8s s&rsquo;\u00eatre habitu\u00e9 aux nouvelles valeurs de l&rsquo;eau de leur nouvelle maison, vous pouvez transf\u00e9rer les poissons en toute s\u00e9curit\u00e9 dans leur nouvelle maison.<\/p>\n<h4>Temp\u00e9rature<\/h4>\n<p>Tous les koi qui sont maintenant disponibles dans la boutique en ligne utilisent de l&rsquo;eau non chauff\u00e9e, qui peut aller sans probl\u00e8me dans les \u00e9tangs ext\u00e9rieurs.<\/p>\n","protected":false},"excerpt":{"rendered":"<p>Yamabuki koi (nom latin : Cyprinus carpio) Yamabuki koi est aussi appel\u00e9 le joyau vivant de l&rsquo;\u00e9tang, le yamabuki koi a une couleur jaune dor\u00e9. Il est important pour une croissance rapide que les animaux re\u00e7oivent de la nourriture plusieurs fois par jour. Lorsque cela se produit r\u00e9guli\u00e8rement, les ko\u00efs s&rsquo;apprivoisent rapidement et viennent m\u00eame [&hellip;]<\/p>\n","protected":false},"featured_media":54779,"comment_status":"closed","ping_status":"closed","template":"","meta":{"ocean_post_layout":"","ocean_both_sidebars_style":"","ocean_both_sidebars_content_width":0,"ocean_both_sidebars_sidebars_width":0,"ocean_sidebar":"0","ocean_second_sidebar":"0","ocean_disable_margins":"enable","ocean_add_body_class":"","ocean_shortcode_before_top_bar":"","ocean_shortcode_after_top_bar":"","ocean_shortcode_before_header":"","ocean_shortcode_after_header":"","ocean_has_shortcode":"","ocean_shortcode_after_title":"","ocean_shortcode_before_footer_widgets":"","ocean_shortcode_after_footer_widgets":"","ocean_shortcode_before_footer_bottom":"","ocean_shortcode_after_footer_bottom":"","ocean_display_top_bar":"default","ocean_display_header":"default","ocean_header_style":"","ocean_center_header_left_menu":"0","ocean_custom_header_template":"0","ocean_custom_logo":0,"ocean_custom_retina_logo":0,"ocean_custom_logo_max_width":0,"ocean_custom_logo_tablet_max_width":0,"ocean_custom_logo_mobile_max_width":0,"ocean_custom_logo_max_height":0,"ocean_custom_logo_tablet_max_height":0,"ocean_custom_logo_mobile_max_height":0,"ocean_header_custom_menu":"0","ocean_menu_typo_font_family":"0","ocean_menu_typo_font_subset":"","ocean_menu_typo_font_size":0,"ocean_menu_typo_font_size_tablet":0,"ocean_menu_typo_font_size_mobile":0,"ocean_menu_typo_font_size_unit":"px","ocean_menu_typo_font_weight":"","ocean_menu_typo_font_weight_tablet":"","ocean_menu_typo_font_weight_mobile":"","ocean_menu_typo_transform":"","ocean_menu_typo_transform_tablet":"","ocean_menu_typo_transform_mobile":"","ocean_menu_typo_line_height":0,"ocean_menu_typo_line_height_tablet":0,"ocean_menu_typo_line_height_mobile":0,"ocean_menu_typo_line_height_unit":"","ocean_menu_typo_spacing":0,"ocean_menu_typo_spacing_tablet":0,"ocean_menu_typo_spacing_mobile":0,"ocean_menu_typo_spacing_unit":"","ocean_menu_link_color":"","ocean_menu_link_color_hover":"","ocean_menu_link_color_active":"","ocean_menu_link_background":"","ocean_menu_link_hover_background":"","ocean_menu_link_active_background":"","ocean_menu_social_links_bg":"","ocean_menu_social_hover_links_bg":"","ocean_menu_social_links_color":"","ocean_menu_social_hover_links_color":"","ocean_disable_title":"default","ocean_disable_heading":"default","ocean_post_title":"","ocean_post_subheading":"","ocean_post_title_style":"","ocean_post_title_background_color":"","ocean_post_title_background":0,"ocean_post_title_bg_image_position":"","ocean_post_title_bg_image_attachment":"","ocean_post_title_bg_image_repeat":"","ocean_post_title_bg_image_size":"","ocean_post_title_height":0,"ocean_post_title_bg_overlay":0.5,"ocean_post_title_bg_overlay_color":"","ocean_disable_breadcrumbs":"default","ocean_breadcrumbs_color":"","ocean_breadcrumbs_separator_color":"","ocean_breadcrumbs_links_color":"","ocean_breadcrumbs_links_hover_color":"","ocean_display_footer_widgets":"default","ocean_display_footer_bottom":"default","ocean_custom_footer_template":"0"},"product_brand":[],"product_cat":[942,944],"product_tag":[],"class_list":{"0":"post-54781","1":"product","2":"type-product","3":"status-publish","4":"has-post-thumbnail","6":"product_cat-koi-fr","7":"product_cat-koi-15-30-cm-koi-fr","9":"entry","10":"has-media","12":"first","13":"instock","14":"shipping-taxable","15":"purchasable","16":"product-type-simple","17":"col","18":"span_1_of_3","19":"owp-content-center","20":"owp-thumbs-layout-horizontal","21":"owp-btn-normal","22":"owp-tabs-layout-horizontal","23":"has-no-thumbnails"},"yoast_head":"<!-- This site is optimized with the Yoast SEO plugin v27.4 - https:\/\/yoast.com\/product\/yoast-seo-wordpress\/ -->\n<title>Yamabuki koi jaune dor\u00e9 commander chez Siervissen Onlineshop<\/title>\n<meta name=\"description\" content=\"Yamabuki koi jaune dor\u00e9 commander en ligne est ici possible, ensuite les poissons sont livr\u00e9s \u00e0 votre domicile.\" \/>\n<meta name=\"robots\" content=\"index, follow, max-snippet:-1, max-image-preview:large, max-video-preview:-1\" \/>\n<link rel=\"canonical\" href=\"https:\/\/www.siervissen-onlineshop.be\/fr\/shop\/yamabuki-apprendre-plus\/\" \/>\n<meta property=\"og:locale\" content=\"fr_FR\" \/>\n<meta property=\"og:type\" content=\"article\" \/>\n<meta property=\"og:title\" content=\"Yamabuki koi jaune dor\u00e9 commander chez Siervissen Onlineshop\" \/>\n<meta property=\"og:description\" content=\"Yamabuki koi jaune dor\u00e9 commander en ligne est ici possible, ensuite les poissons sont livr\u00e9s \u00e0 votre domicile.\" \/>\n<meta property=\"og:url\" content=\"https:\/\/www.siervissen-onlineshop.be\/fr\/shop\/yamabuki-apprendre-plus\/\" \/>\n<meta property=\"og:site_name\" content=\"Siervissen Online Shop\" \/>\n<meta property=\"article:publisher\" content=\"https:\/\/www.facebook.com\/siervissenonlineshop.be\" \/>\n<meta property=\"article:modified_time\" content=\"2025-07-30T14:31:27+00:00\" \/>\n<meta property=\"og:image\" content=\"https:\/\/www.siervissen-onlineshop.be\/wp-content\/uploads\/2023\/02\/yamabuki-23-februari-2023.jpg\" \/>\n\t<meta property=\"og:image:width\" content=\"800\" \/>\n\t<meta property=\"og:image:height\" content=\"533\" \/>\n\t<meta property=\"og:image:type\" content=\"image\/jpeg\" \/>\n<meta name=\"twitter:card\" content=\"summary_large_image\" \/>\n<meta name=\"twitter:label1\" content=\"Dur\u00e9e de lecture estim\u00e9e\" \/>\n\t<meta name=\"twitter:data1\" content=\"2 minutes\" \/>\n<script type=\"application\/ld+json\" class=\"yoast-schema-graph\">{\"@context\":\"https:\\\/\\\/schema.org\",\"@graph\":[{\"@type\":\"WebPage\",\"@id\":\"https:\\\/\\\/www.siervissen-onlineshop.be\\\/fr\\\/shop\\\/yamabuki-apprendre-plus\\\/\",\"url\":\"https:\\\/\\\/www.siervissen-onlineshop.be\\\/fr\\\/shop\\\/yamabuki-apprendre-plus\\\/\",\"name\":\"Yamabuki koi jaune dor\u00e9 commander chez Siervissen Onlineshop\",\"isPartOf\":{\"@id\":\"https:\\\/\\\/www.siervissen-onlineshop.be\\\/#website\"},\"primaryImageOfPage\":{\"@id\":\"https:\\\/\\\/www.siervissen-onlineshop.be\\\/fr\\\/shop\\\/yamabuki-apprendre-plus\\\/#primaryimage\"},\"image\":{\"@id\":\"https:\\\/\\\/www.siervissen-onlineshop.be\\\/fr\\\/shop\\\/yamabuki-apprendre-plus\\\/#primaryimage\"},\"thumbnailUrl\":\"https:\\\/\\\/www.siervissen-onlineshop.be\\\/wp-content\\\/uploads\\\/2023\\\/02\\\/yamabuki-23-februari-2023.jpg\",\"datePublished\":\"2023-02-23T15:07:51+00:00\",\"dateModified\":\"2025-07-30T14:31:27+00:00\",\"description\":\"Yamabuki koi jaune dor\u00e9 commander en ligne est ici possible, ensuite les poissons sont livr\u00e9s \u00e0 votre domicile.\",\"breadcrumb\":{\"@id\":\"https:\\\/\\\/www.siervissen-onlineshop.be\\\/fr\\\/shop\\\/yamabuki-apprendre-plus\\\/#breadcrumb\"},\"inLanguage\":\"fr-FR\",\"potentialAction\":[{\"@type\":\"ReadAction\",\"target\":[\"https:\\\/\\\/www.siervissen-onlineshop.be\\\/fr\\\/shop\\\/yamabuki-apprendre-plus\\\/\"]}]},{\"@type\":\"ImageObject\",\"inLanguage\":\"fr-FR\",\"@id\":\"https:\\\/\\\/www.siervissen-onlineshop.be\\\/fr\\\/shop\\\/yamabuki-apprendre-plus\\\/#primaryimage\",\"url\":\"https:\\\/\\\/www.siervissen-onlineshop.be\\\/wp-content\\\/uploads\\\/2023\\\/02\\\/yamabuki-23-februari-2023.jpg\",\"contentUrl\":\"https:\\\/\\\/www.siervissen-onlineshop.be\\\/wp-content\\\/uploads\\\/2023\\\/02\\\/yamabuki-23-februari-2023.jpg\",\"width\":800,\"height\":533,\"caption\":\"Yamabuki koi\"},{\"@type\":\"BreadcrumbList\",\"@id\":\"https:\\\/\\\/www.siervissen-onlineshop.be\\\/fr\\\/shop\\\/yamabuki-apprendre-plus\\\/#breadcrumb\",\"itemListElement\":[{\"@type\":\"ListItem\",\"position\":1,\"name\":\"Home\",\"item\":\"https:\\\/\\\/www.siervissen-onlineshop.be\\\/fr\\\/\"},{\"@type\":\"ListItem\",\"position\":2,\"name\":\"shop\",\"item\":\"https:\\\/\\\/www.siervissen-onlineshop.be\\\/fr\\\/boutique\\\/\"},{\"@type\":\"ListItem\",\"position\":3,\"name\":\"25-30cm Yamabuki koi Japon (jaune dor\u00e9)\"}]},{\"@type\":\"WebSite\",\"@id\":\"https:\\\/\\\/www.siervissen-onlineshop.be\\\/#website\",\"url\":\"https:\\\/\\\/www.siervissen-onlineshop.be\\\/\",\"name\":\"Siervissen Online Shop\",\"description\":\"Siervissen, aquariumvissen, japanse koi's, tropische vissen, koudwatervissen\",\"publisher\":{\"@id\":\"https:\\\/\\\/www.siervissen-onlineshop.be\\\/#organization\"},\"potentialAction\":[{\"@type\":\"SearchAction\",\"target\":{\"@type\":\"EntryPoint\",\"urlTemplate\":\"https:\\\/\\\/www.siervissen-onlineshop.be\\\/?s={search_term_string}\"},\"query-input\":{\"@type\":\"PropertyValueSpecification\",\"valueRequired\":true,\"valueName\":\"search_term_string\"}}],\"inLanguage\":\"fr-FR\"},{\"@type\":\"Organization\",\"@id\":\"https:\\\/\\\/www.siervissen-onlineshop.be\\\/#organization\",\"name\":\"Siervissen Online Shop\",\"url\":\"https:\\\/\\\/www.siervissen-onlineshop.be\\\/\",\"logo\":{\"@type\":\"ImageObject\",\"inLanguage\":\"fr-FR\",\"@id\":\"https:\\\/\\\/www.siervissen-onlineshop.be\\\/#\\\/schema\\\/logo\\\/image\\\/\",\"url\":\"https:\\\/\\\/www.siervissen-onlineshop.be\\\/wp-content\\\/uploads\\\/2019\\\/03\\\/siervissen-onlineshop-frans.png\",\"contentUrl\":\"https:\\\/\\\/www.siervissen-onlineshop.be\\\/wp-content\\\/uploads\\\/2019\\\/03\\\/siervissen-onlineshop-frans.png\",\"width\":592,\"height\":470,\"caption\":\"Siervissen Online Shop\"},\"image\":{\"@id\":\"https:\\\/\\\/www.siervissen-onlineshop.be\\\/#\\\/schema\\\/logo\\\/image\\\/\"},\"sameAs\":[\"https:\\\/\\\/www.facebook.com\\\/siervissenonlineshop.be\"]}]}<\/script>\n<!-- \/ Yoast SEO plugin. -->","yoast_head_json":{"title":"Yamabuki koi jaune dor\u00e9 commander chez Siervissen Onlineshop","description":"Yamabuki koi jaune dor\u00e9 commander en ligne est ici possible, ensuite les poissons sont livr\u00e9s \u00e0 votre domicile.","robots":{"index":"index","follow":"follow","max-snippet":"max-snippet:-1","max-image-preview":"max-image-preview:large","max-video-preview":"max-video-preview:-1"},"canonical":"https:\/\/www.siervissen-onlineshop.be\/fr\/shop\/yamabuki-apprendre-plus\/","og_locale":"fr_FR","og_type":"article","og_title":"Yamabuki koi jaune dor\u00e9 commander chez Siervissen Onlineshop","og_description":"Yamabuki koi jaune dor\u00e9 commander en ligne est ici possible, ensuite les poissons sont livr\u00e9s \u00e0 votre domicile.","og_url":"https:\/\/www.siervissen-onlineshop.be\/fr\/shop\/yamabuki-apprendre-plus\/","og_site_name":"Siervissen Online Shop","article_publisher":"https:\/\/www.facebook.com\/siervissenonlineshop.be","article_modified_time":"2025-07-30T14:31:27+00:00","og_image":[{"width":800,"height":533,"url":"https:\/\/www.siervissen-onlineshop.be\/wp-content\/uploads\/2023\/02\/yamabuki-23-februari-2023.jpg","type":"image\/jpeg"}],"twitter_card":"summary_large_image","twitter_misc":{"Dur\u00e9e de lecture estim\u00e9e":"2 minutes"},"schema":{"@context":"https:\/\/schema.org","@graph":[{"@type":"WebPage","@id":"https:\/\/www.siervissen-onlineshop.be\/fr\/shop\/yamabuki-apprendre-plus\/","url":"https:\/\/www.siervissen-onlineshop.be\/fr\/shop\/yamabuki-apprendre-plus\/","name":"Yamabuki koi jaune dor\u00e9 commander chez Siervissen Onlineshop","isPartOf":{"@id":"https:\/\/www.siervissen-onlineshop.be\/#website"},"primaryImageOfPage":{"@id":"https:\/\/www.siervissen-onlineshop.be\/fr\/shop\/yamabuki-apprendre-plus\/#primaryimage"},"image":{"@id":"https:\/\/www.siervissen-onlineshop.be\/fr\/shop\/yamabuki-apprendre-plus\/#primaryimage"},"thumbnailUrl":"https:\/\/www.siervissen-onlineshop.be\/wp-content\/uploads\/2023\/02\/yamabuki-23-februari-2023.jpg","datePublished":"2023-02-23T15:07:51+00:00","dateModified":"2025-07-30T14:31:27+00:00","description":"Yamabuki koi jaune dor\u00e9 commander en ligne est ici possible, ensuite les poissons sont livr\u00e9s \u00e0 votre domicile.","breadcrumb":{"@id":"https:\/\/www.siervissen-onlineshop.be\/fr\/shop\/yamabuki-apprendre-plus\/#breadcrumb"},"inLanguage":"fr-FR","potentialAction":[{"@type":"ReadAction","target":["https:\/\/www.siervissen-onlineshop.be\/fr\/shop\/yamabuki-apprendre-plus\/"]}]},{"@type":"ImageObject","inLanguage":"fr-FR","@id":"https:\/\/www.siervissen-onlineshop.be\/fr\/shop\/yamabuki-apprendre-plus\/#primaryimage","url":"https:\/\/www.siervissen-onlineshop.be\/wp-content\/uploads\/2023\/02\/yamabuki-23-februari-2023.jpg","contentUrl":"https:\/\/www.siervissen-onlineshop.be\/wp-content\/uploads\/2023\/02\/yamabuki-23-februari-2023.jpg","width":800,"height":533,"caption":"Yamabuki koi"},{"@type":"BreadcrumbList","@id":"https:\/\/www.siervissen-onlineshop.be\/fr\/shop\/yamabuki-apprendre-plus\/#breadcrumb","itemListElement":[{"@type":"ListItem","position":1,"name":"Home","item":"https:\/\/www.siervissen-onlineshop.be\/fr\/"},{"@type":"ListItem","position":2,"name":"shop","item":"https:\/\/www.siervissen-onlineshop.be\/fr\/boutique\/"},{"@type":"ListItem","position":3,"name":"25-30cm Yamabuki koi Japon (jaune dor\u00e9)"}]},{"@type":"WebSite","@id":"https:\/\/www.siervissen-onlineshop.be\/#website","url":"https:\/\/www.siervissen-onlineshop.be\/","name":"Siervissen Online Shop","description":"Siervissen, aquariumvissen, japanse koi's, tropische vissen, koudwatervissen","publisher":{"@id":"https:\/\/www.siervissen-onlineshop.be\/#organization"},"potentialAction":[{"@type":"SearchAction","target":{"@type":"EntryPoint","urlTemplate":"https:\/\/www.siervissen-onlineshop.be\/?s={search_term_string}"},"query-input":{"@type":"PropertyValueSpecification","valueRequired":true,"valueName":"search_term_string"}}],"inLanguage":"fr-FR"},{"@type":"Organization","@id":"https:\/\/www.siervissen-onlineshop.be\/#organization","name":"Siervissen Online Shop","url":"https:\/\/www.siervissen-onlineshop.be\/","logo":{"@type":"ImageObject","inLanguage":"fr-FR","@id":"https:\/\/www.siervissen-onlineshop.be\/#\/schema\/logo\/image\/","url":"https:\/\/www.siervissen-onlineshop.be\/wp-content\/uploads\/2019\/03\/siervissen-onlineshop-frans.png","contentUrl":"https:\/\/www.siervissen-onlineshop.be\/wp-content\/uploads\/2019\/03\/siervissen-onlineshop-frans.png","width":592,"height":470,"caption":"Siervissen Online Shop"},"image":{"@id":"https:\/\/www.siervissen-onlineshop.be\/#\/schema\/logo\/image\/"},"sameAs":["https:\/\/www.facebook.com\/siervissenonlineshop.be"]}]}},"_links":{"self":[{"href":"https:\/\/www.siervissen-onlineshop.be\/fr\/wp-json\/wp\/v2\/product\/54781","targetHints":{"allow":["GET"]}}],"collection":[{"href":"https:\/\/www.siervissen-onlineshop.be\/fr\/wp-json\/wp\/v2\/product"}],"about":[{"href":"https:\/\/www.siervissen-onlineshop.be\/fr\/wp-json\/wp\/v2\/types\/product"}],"replies":[{"embeddable":true,"href":"https:\/\/www.siervissen-onlineshop.be\/fr\/wp-json\/wp\/v2\/comments?post=54781"}],"version-history":[{"count":3,"href":"https:\/\/www.siervissen-onlineshop.be\/fr\/wp-json\/wp\/v2\/product\/54781\/revisions"}],"predecessor-version":[{"id":63053,"href":"https:\/\/www.siervissen-onlineshop.be\/fr\/wp-json\/wp\/v2\/product\/54781\/revisions\/63053"}],"wp:featuredmedia":[{"embeddable":true,"href":"https:\/\/www.siervissen-onlineshop.be\/fr\/wp-json\/wp\/v2\/media\/54779"}],"wp:attachment":[{"href":"https:\/\/www.siervissen-onlineshop.be\/fr\/wp-json\/wp\/v2\/media?parent=54781"}],"wp:term":[{"taxonomy":"product_brand","embeddable":true,"href":"https:\/\/www.siervissen-onlineshop.be\/fr\/wp-json\/wp\/v2\/product_brand?post=54781"},{"taxonomy":"product_cat","embeddable":true,"href":"https:\/\/www.siervissen-onlineshop.be\/fr\/wp-json\/wp\/v2\/product_cat?post=54781"},{"taxonomy":"product_tag","embeddable":true,"href":"https:\/\/www.siervissen-onlineshop.be\/fr\/wp-json\/wp\/v2\/product_tag?post=54781"}],"curies":[{"name":"wp","href":"https:\/\/api.w.org\/{rel}","templated":true}]}}